{"id":526,"date":"2026-02-20T19:34:52","date_gmt":"2026-02-20T19:34:52","guid":{"rendered":"https:\/\/sinainteriors.com\/?page_id=526"},"modified":"2026-02-21T15:20:28","modified_gmt":"2026-02-21T15:20:28","slug":"mid-century-residential","status":"publish","type":"page","link":"https:\/\/sinainteriors.com\/fi\/mid-century-residential\/","title":{"rendered":"Mid-century Residential Design"},"content":{"rendered":"<div data-elementor-type=\"wp-page\" data-elementor-id=\"526\" class=\"elementor elementor-526\">\n\t\t\t\t<div class=\"elementor-element elementor-element-707a2b18 e-con-full e-flex e-con e-parent\" data-id=\"707a2b18\" data-element_type=\"container\">\n\t\t\t\t<div class=\"elementor-element elementor-element-5be68346 elementor-widget__width-initial elementor-widget-mobile__width-initial elementor-widget elementor-widget-image\" data-id=\"5be68346\" data-element_type=\"widget\" data-widget_type=\"image.default\">\n\t\t\t\t\t\t\t\t\t\t\t\t\t\t\t<img fetchpriority=\"high\" decoding=\"async\" width=\"1024\" height=\"1536\" src=\"https:\/\/sinainteriors.com\/wp-content\/uploads\/2026\/02\/Mid-century-dining-room.webp\" class=\"attachment-full size-full wp-image-528\" alt=\"Mid century dining room design\" srcset=\"https:\/\/sinainteriors.com\/wp-content\/uploads\/2026\/02\/Mid-century-dining-room.webp 1024w, https:\/\/sinainteriors.com\/wp-content\/uploads\/2026\/02\/Mid-century-dining-room-200x300.webp 200w, https:\/\/sinainteriors.com\/wp-content\/uploads\/2026\/02\/Mid-century-dining-room-683x1024.webp 683w, https:\/\/sinainteriors.com\/wp-content\/uploads\/2026\/02\/Mid-century-dining-room-768x1152.webp 768w, https:\/\/sinainteriors.com\/wp-content\/uploads\/2026\/02\/Mid-century-dining-room-8x12.webp 8w\" sizes=\"(max-width: 1024px) 100vw, 1024px\" \/>\t\t\t\t\t\t\t\t\t\t\t\t\t\t\t<\/div>\n\t\t<div class=\"elementor-element elementor-element-618da244 e-con-full e-flex e-con e-child\" data-id=\"618da244\" data-element_type=\"container\">\n\t\t\t\t<div class=\"elementor-element elementor-element-3a5bf230 elementor-widget elementor-widget-text-editor\" data-id=\"3a5bf230\" data-element_type=\"widget\" data-widget_type=\"text-editor.default\">\n\t\t\t\t\t\t\t\t\t<div class=\"sqs-html-content\" data-sqsp-text-block-content=\"\">\u00a0 \u00a0\u00a0<\/div><div class=\"sqs-html-content\" data-sqsp-text-block-content=\"\"><p class=\"sqsrte-small\">Ty\u00f6skentely tilan kanssa, jolla on jo vahva identiteetti, vaatii huolellista tasapainottelua. T\u00e4ss\u00e4 projektissa keskityin s\u00e4ilytt\u00e4m\u00e4\u00e4n alkuper\u00e4iset arkkitehtoniset yksityiskohdat ja samalla esittelem\u00e4\u00e4n 1900-luvun puoliv\u00e4lin ja nykyaikaisia \u200b\u200belementtej\u00e4, jotka tukevat kodin luonnetta sen sijaan, ett\u00e4 kilpailisivat sen kanssa.<\/p><p class=\"sqsrte-small\">Jokainen huone suunniteltiin niin, ett\u00e4 talon historia pysyy l\u00e4sn\u00e4, mutta samalla heijastaen asiakkaan el\u00e4m\u00e4ntapaa, ik\u00e4\u00e4 ja kiinnostuksen kohteita. Tavoitteena oli luoda harmoniaa vanhan ja uuden v\u00e4lille ja v\u00e4ltt\u00e4\u00e4 visuaalisia yhteent\u00f6rm\u00e4yksi\u00e4 rakennuksessa, jossa perinteinen rakenne kohtaa modernin el\u00e4m\u00e4ntavan.<\/p><p class=\"sqsrte-small\">Tuloksena on rauhallinen ja yhten\u00e4inen sisustus, joka tuntuu maadoitetulta, henkil\u00f6kohtaiselta ja kodin menneisyytt\u00e4 kunnioittavalta, mutta silti t\u00e4ysin yhteydess\u00e4 nykyiseen asumismuotoonsa.<\/p><\/div><div>\u00a0<\/div><div>\u00a0<\/div><div>\u00a0<\/div>\t\t\t\t\t\t\t\t<\/div>\n\t\t\t\t<\/div>\n\t\t\t\t<\/div>\n\t\t<div class=\"elementor-element elementor-element-2c101296 e-con-full e-flex e-con e-parent\" data-id=\"2c101296\" data-element_type=\"container\">\n\t\t<div class=\"elementor-element elementor-element-505668f4 e-con-full e-flex e-con e-child\" data-id=\"505668f4\" data-element_type=\"container\">\n\t\t\t\t<div class=\"elementor-element elementor-element-69649cf6 elementor-widget elementor-widget-image\" data-id=\"69649cf6\" data-element_type=\"widget\" data-widget_type=\"image.default\">\n\t\t\t\t\t\t\t\t\t\t\t\t\t\t\t<img decoding=\"async\" width=\"2500\" height=\"1880\" src=\"https:\/\/sinainteriors.com\/wp-content\/uploads\/2026\/01\/midcenturyhouse2.webp\" class=\"attachment-full size-full wp-image-106\" alt=\"\" srcset=\"https:\/\/sinainteriors.com\/wp-content\/uploads\/2026\/01\/midcenturyhouse2.webp 2500w, https:\/\/sinainteriors.com\/wp-content\/uploads\/2026\/01\/midcenturyhouse2-300x226.webp 300w, https:\/\/sinainteriors.com\/wp-content\/uploads\/2026\/01\/midcenturyhouse2-1024x770.webp 1024w, https:\/\/sinainteriors.com\/wp-content\/uploads\/2026\/01\/midcenturyhouse2-768x578.webp 768w, https:\/\/sinainteriors.com\/wp-content\/uploads\/2026\/01\/midcenturyhouse2-1536x1155.webp 1536w, https:\/\/sinainteriors.com\/wp-content\/uploads\/2026\/01\/midcenturyhouse2-2048x1540.webp 2048w\" sizes=\"(max-width: 2500px) 100vw, 2500px\" \/>\t\t\t\t\t\t\t\t\t\t\t\t\t\t\t<\/div>\n\t\t\t\t<\/div>\n\t\t\t\t<\/div>\n\t\t<div class=\"elementor-element elementor-element-21986229 e-con-full e-flex e-con e-parent\" data-id=\"21986229\" data-element_type=\"container\">\n\t\t<div class=\"elementor-element elementor-element-7343a55f e-con-full e-flex e-con e-child\" data-id=\"7343a55f\" data-element_type=\"container\">\n\t\t\t\t<div class=\"elementor-element elementor-element-152be8a5 elementor-widget elementor-widget-image\" data-id=\"152be8a5\" data-element_type=\"widget\" data-widget_type=\"image.default\">\n\t\t\t\t\t\t\t\t\t\t\t\t\t\t\t<img decoding=\"async\" width=\"2048\" height=\"2048\" src=\"https:\/\/sinainteriors.com\/wp-content\/uploads\/2026\/02\/bedroommidcentury.webp\" class=\"attachment-full size-full wp-image-529\" alt=\"\" srcset=\"https:\/\/sinainteriors.com\/wp-content\/uploads\/2026\/02\/bedroommidcentury.webp 2048w, https:\/\/sinainteriors.com\/wp-content\/uploads\/2026\/02\/bedroommidcentury-300x300.webp 300w, https:\/\/sinainteriors.com\/wp-content\/uploads\/2026\/02\/bedroommidcentury-1024x1024.webp 1024w, https:\/\/sinainteriors.com\/wp-content\/uploads\/2026\/02\/bedroommidcentury-150x150.webp 150w, https:\/\/sinainteriors.com\/wp-content\/uploads\/2026\/02\/bedroommidcentury-768x768.webp 768w, https:\/\/sinainteriors.com\/wp-content\/uploads\/2026\/02\/bedroommidcentury-1536x1536.webp 1536w, https:\/\/sinainteriors.com\/wp-content\/uploads\/2026\/02\/bedroommidcentury-12x12.webp 12w\" sizes=\"(max-width: 2048px) 100vw, 2048px\" \/>\t\t\t\t\t\t\t\t\t\t\t\t\t\t\t<\/div>\n\t\t\t\t<\/div>\n\t\t<div class=\"elementor-element elementor-element-44d27935 e-flex e-con-boxed e-con e-child\" data-id=\"44d27935\" data-element_type=\"container\">\n\t\t\t\t\t<div class=\"e-con-inner\">\n\t\t\t\t<div class=\"elementor-element elementor-element-97150ab elementor-widget elementor-widget-image\" data-id=\"97150ab\" data-element_type=\"widget\" data-widget_type=\"image.default\">\n\t\t\t\t\t\t\t\t\t\t\t\t\t\t\t<img decoding=\"async\" src=\"https:\/\/sinainteriors.com\/wp-content\/uploads\/2026\/02\/Mid-century-house-kitchen-design.webp\" title=\"Mid century house kitchen design\" alt=\"Mid century house kitchen design\" loading=\"lazy\" \/>\t\t\t\t\t\t\t\t\t\t\t\t\t\t\t<\/div>\n\t\t\t\t\t<\/div>\n\t\t\t\t<\/div>\n\t\t\t\t<\/div>\n\t\t<div class=\"elementor-element elementor-element-7a6bf56 e-con-full e-flex e-con e-parent\" data-id=\"7a6bf56\" data-element_type=\"container\">\n\t\t<div class=\"elementor-element elementor-element-c723c1c e-con-full e-flex e-con e-child\" data-id=\"c723c1c\" data-element_type=\"container\">\n\t\t\t\t<div class=\"elementor-element elementor-element-f9801c9 elementor-widget elementor-widget-image\" data-id=\"f9801c9\" data-element_type=\"widget\" data-widget_type=\"image.default\">\n\t\t\t\t\t\t\t\t\t\t\t\t\t\t\t<img loading=\"lazy\" decoding=\"async\" width=\"2500\" height=\"1875\" src=\"https:\/\/sinainteriors.com\/wp-content\/uploads\/2026\/02\/midcenturyhousekitchen2.webp\" class=\"attachment-full size-full wp-image-531\" alt=\"\" srcset=\"https:\/\/sinainteriors.com\/wp-content\/uploads\/2026\/02\/midcenturyhousekitchen2.webp 2500w, https:\/\/sinainteriors.com\/wp-content\/uploads\/2026\/02\/midcenturyhousekitchen2-300x225.webp 300w, https:\/\/sinainteriors.com\/wp-content\/uploads\/2026\/02\/midcenturyhousekitchen2-1024x768.webp 1024w, https:\/\/sinainteriors.com\/wp-content\/uploads\/2026\/02\/midcenturyhousekitchen2-768x576.webp 768w, https:\/\/sinainteriors.com\/wp-content\/uploads\/2026\/02\/midcenturyhousekitchen2-1536x1152.webp 1536w, https:\/\/sinainteriors.com\/wp-content\/uploads\/2026\/02\/midcenturyhousekitchen2-2048x1536.webp 2048w, https:\/\/sinainteriors.com\/wp-content\/uploads\/2026\/02\/midcenturyhousekitchen2-16x12.webp 16w\" sizes=\"(max-width: 2500px) 100vw, 2500px\" \/>\t\t\t\t\t\t\t\t\t\t\t\t\t\t\t<\/div>\n\t\t\t\t<\/div>\n\t\t<div class=\"elementor-element elementor-element-3b3a854 e-flex e-con-boxed e-con e-child\" data-id=\"3b3a854\" data-element_type=\"container\" data-settings=\"{&quot;background_background&quot;:&quot;classic&quot;}\">\n\t\t\t\t\t<div class=\"e-con-inner\">\n\t\t\t\t\t<\/div>\n\t\t\t\t<\/div>\n\t\t\t\t<\/div>\n\t\t<div class=\"elementor-element elementor-element-2d21611 e-con-full e-flex e-con e-parent\" data-id=\"2d21611\" data-element_type=\"container\">\n\t\t<div class=\"elementor-element elementor-element-4fdbd13 e-con-full e-flex e-con e-child\" data-id=\"4fdbd13\" data-element_type=\"container\">\n\t\t\t\t<div class=\"elementor-element elementor-element-9a6b687 elementor-absolute elementor-widget elementor-widget-image\" data-id=\"9a6b687\" data-element_type=\"widget\" data-settings=\"{&quot;_position&quot;:&quot;absolute&quot;}\" data-widget_type=\"image.default\">\n\t\t\t\t\t\t\t\t\t\t\t\t\t\t\t<img loading=\"lazy\" decoding=\"async\" width=\"2500\" height=\"1407\" src=\"https:\/\/sinainteriors.com\/wp-content\/uploads\/2026\/01\/bathroomv2.jpeg\" class=\"attachment-full size-full wp-image-460\" alt=\"\" srcset=\"https:\/\/sinainteriors.com\/wp-content\/uploads\/2026\/01\/bathroomv2.jpeg 2500w, https:\/\/sinainteriors.com\/wp-content\/uploads\/2026\/01\/bathroomv2-300x169.jpeg 300w, https:\/\/sinainteriors.com\/wp-content\/uploads\/2026\/01\/bathroomv2-1024x576.jpeg 1024w, https:\/\/sinainteriors.com\/wp-content\/uploads\/2026\/01\/bathroomv2-768x432.jpeg 768w, https:\/\/sinainteriors.com\/wp-content\/uploads\/2026\/01\/bathroomv2-1536x864.jpeg 1536w, https:\/\/sinainteriors.com\/wp-content\/uploads\/2026\/01\/bathroomv2-2048x1153.jpeg 2048w, https:\/\/sinainteriors.com\/wp-content\/uploads\/2026\/01\/bathroomv2-18x10.jpeg 18w\" sizes=\"(max-width: 2500px) 100vw, 2500px\" \/>\t\t\t\t\t\t\t\t\t\t\t\t\t\t\t<\/div>\n\t\t\t\t<\/div>\n\t\t\t\t<\/div>\n\t\t\t\t<\/div>","protected":false},"excerpt":{"rendered":"<p>\u00a0 \u00a0\u00a0 Working with a space that already carries strong identity requires a careful balance. In this project, I focused on preserving the original architectural details while introducing mid-century and contemporary pieces that support the character of the home rather than compete with it. Each room was designed to let the history of the house [&hellip;]<\/p>","protected":false},"author":1,"featured_media":0,"parent":0,"menu_order":0,"comment_status":"closed","ping_status":"closed","template":"","meta":{"footnotes":""},"class_list":["post-526","page","type-page","status-publish","hentry"],"yoast_head":"<!-- This site is optimized with the Yoast SEO plugin v27.2 - https:\/\/yoast.com\/product\/yoast-seo-wordpress\/ -->\n<title>Mid-century Residential Design - Sina Interiors<\/title>\n<meta name=\"robots\" content=\"index, follow, max-snippet:-1, max-image-preview:large, max-video-preview:-1\" \/>\n<link rel=\"canonical\" href=\"https:\/\/sinainteriors.com\/fi\/mid-century-residential\/\" \/>\n<meta property=\"og:locale\" content=\"fi_FI\" \/>\n<meta property=\"og:type\" content=\"article\" \/>\n<meta property=\"og:title\" content=\"Mid-century Residential Design - Sina Interiors\" \/>\n<meta property=\"og:description\" content=\"\u00a0 \u00a0\u00a0 Working with a space that already carries strong identity requires a careful balance. In this project, I focused on preserving the original architectural details while introducing mid-century and contemporary pieces that support the character of the home rather than compete with it. Each room was designed to let the history of the house [&hellip;]\" \/>\n<meta property=\"og:url\" content=\"https:\/\/sinainteriors.com\/fi\/mid-century-residential\/\" \/>\n<meta property=\"og:site_name\" content=\"Sina Interiors\" \/>\n<meta property=\"article:publisher\" content=\"https:\/\/www.facebook.com\/p\/Sina-Interiors-61562000177545\/\" \/>\n<meta property=\"article:modified_time\" content=\"2026-02-21T15:20:28+00:00\" \/>\n<meta property=\"og:image\" content=\"https:\/\/sinainteriors.com\/wp-content\/uploads\/2026\/02\/Mid-century-dining-room-683x1024.webp\" \/>\n\t<meta property=\"og:image:width\" content=\"683\" \/>\n\t<meta property=\"og:image:height\" content=\"1024\" \/>\n\t<meta property=\"og:image:type\" content=\"image\/webp\" \/>\n<meta name=\"twitter:card\" content=\"summary_large_image\" \/>\n<meta name=\"twitter:label1\" content=\"Arvioitu lukuaika\" \/>\n\t<meta name=\"twitter:data1\" content=\"1 minuutti\" \/>\n<script type=\"application\/ld+json\" class=\"yoast-schema-graph\">{\"@context\":\"https:\/\/schema.org\",\"@graph\":[{\"@type\":\"WebPage\",\"@id\":\"https:\/\/sinainteriors.com\/mid-century-residential\/\",\"url\":\"https:\/\/sinainteriors.com\/mid-century-residential\/\",\"name\":\"Mid-century Residential Design - Sina Interiors\",\"isPartOf\":{\"@id\":\"https:\/\/sinainteriors.com\/#website\"},\"primaryImageOfPage\":{\"@id\":\"https:\/\/sinainteriors.com\/mid-century-residential\/#primaryimage\"},\"image\":{\"@id\":\"https:\/\/sinainteriors.com\/mid-century-residential\/#primaryimage\"},\"thumbnailUrl\":\"https:\/\/sinainteriors.com\/wp-content\/uploads\/2026\/02\/Mid-century-dining-room.webp\",\"datePublished\":\"2026-02-20T19:34:52+00:00\",\"dateModified\":\"2026-02-21T15:20:28+00:00\",\"breadcrumb\":{\"@id\":\"https:\/\/sinainteriors.com\/mid-century-residential\/#breadcrumb\"},\"inLanguage\":\"fi\",\"potentialAction\":[{\"@type\":\"ReadAction\",\"target\":[\"https:\/\/sinainteriors.com\/mid-century-residential\/\"]}]},{\"@type\":\"ImageObject\",\"inLanguage\":\"fi\",\"@id\":\"https:\/\/sinainteriors.com\/mid-century-residential\/#primaryimage\",\"url\":\"https:\/\/sinainteriors.com\/wp-content\/uploads\/2026\/02\/Mid-century-dining-room.webp\",\"contentUrl\":\"https:\/\/sinainteriors.com\/wp-content\/uploads\/2026\/02\/Mid-century-dining-room.webp\"},{\"@type\":\"BreadcrumbList\",\"@id\":\"https:\/\/sinainteriors.com\/mid-century-residential\/#breadcrumb\",\"itemListElement\":[{\"@type\":\"ListItem\",\"position\":1,\"name\":\"Home\",\"item\":\"https:\/\/sinainteriors.com\/\"},{\"@type\":\"ListItem\",\"position\":2,\"name\":\"Mid-century Residential Design\"}]},{\"@type\":\"WebSite\",\"@id\":\"https:\/\/sinainteriors.com\/#website\",\"url\":\"https:\/\/sinainteriors.com\/\",\"name\":\"Sina Interiors\",\"description\":\"Helsinki-Based Interior Design Studio | Interior Designer in Helsinki\",\"publisher\":{\"@id\":\"https:\/\/sinainteriors.com\/#organization\"},\"alternateName\":\"Sinainteriors\",\"potentialAction\":[{\"@type\":\"SearchAction\",\"target\":{\"@type\":\"EntryPoint\",\"urlTemplate\":\"https:\/\/sinainteriors.com\/?s={search_term_string}\"},\"query-input\":{\"@type\":\"PropertyValueSpecification\",\"valueRequired\":true,\"valueName\":\"search_term_string\"}}],\"inLanguage\":\"fi\"},{\"@type\":\"Organization\",\"@id\":\"https:\/\/sinainteriors.com\/#organization\",\"name\":\"Sina Interiors\",\"url\":\"https:\/\/sinainteriors.com\/\",\"logo\":{\"@type\":\"ImageObject\",\"inLanguage\":\"fi\",\"@id\":\"https:\/\/sinainteriors.com\/#\/schema\/logo\/image\/\",\"url\":\"https:\/\/sinainteriors.com\/wp-content\/uploads\/2026\/03\/image-removebg-preview136.png\",\"contentUrl\":\"https:\/\/sinainteriors.com\/wp-content\/uploads\/2026\/03\/image-removebg-preview136.png\",\"width\":234,\"height\":176,\"caption\":\"Sina Interiors\"},\"image\":{\"@id\":\"https:\/\/sinainteriors.com\/#\/schema\/logo\/image\/\"},\"sameAs\":[\"https:\/\/www.facebook.com\/p\/Sina-Interiors-61562000177545\/\",\"https:\/\/www.instagram.com\/sina.interiors\/\"]}]}<\/script>\n<!-- \/ Yoast SEO plugin. -->","yoast_head_json":{"title":"Mid-century Residential Design - Sina Interiors","robots":{"index":"index","follow":"follow","max-snippet":"max-snippet:-1","max-image-preview":"max-image-preview:large","max-video-preview":"max-video-preview:-1"},"canonical":"https:\/\/sinainteriors.com\/fi\/mid-century-residential\/","og_locale":"fi_FI","og_type":"article","og_title":"Mid-century Residential Design - Sina Interiors","og_description":"\u00a0 \u00a0\u00a0 Working with a space that already carries strong identity requires a careful balance. In this project, I focused on preserving the original architectural details while introducing mid-century and contemporary pieces that support the character of the home rather than compete with it. Each room was designed to let the history of the house [&hellip;]","og_url":"https:\/\/sinainteriors.com\/fi\/mid-century-residential\/","og_site_name":"Sina Interiors","article_publisher":"https:\/\/www.facebook.com\/p\/Sina-Interiors-61562000177545\/","article_modified_time":"2026-02-21T15:20:28+00:00","og_image":[{"width":683,"height":1024,"url":"https:\/\/sinainteriors.com\/wp-content\/uploads\/2026\/02\/Mid-century-dining-room-683x1024.webp","type":"image\/webp"}],"twitter_card":"summary_large_image","twitter_misc":{"Arvioitu lukuaika":"1 minuutti"},"schema":{"@context":"https:\/\/schema.org","@graph":[{"@type":"WebPage","@id":"https:\/\/sinainteriors.com\/mid-century-residential\/","url":"https:\/\/sinainteriors.com\/mid-century-residential\/","name":"Mid-century Residential Design - Sina Interiors","isPartOf":{"@id":"https:\/\/sinainteriors.com\/#website"},"primaryImageOfPage":{"@id":"https:\/\/sinainteriors.com\/mid-century-residential\/#primaryimage"},"image":{"@id":"https:\/\/sinainteriors.com\/mid-century-residential\/#primaryimage"},"thumbnailUrl":"https:\/\/sinainteriors.com\/wp-content\/uploads\/2026\/02\/Mid-century-dining-room.webp","datePublished":"2026-02-20T19:34:52+00:00","dateModified":"2026-02-21T15:20:28+00:00","breadcrumb":{"@id":"https:\/\/sinainteriors.com\/mid-century-residential\/#breadcrumb"},"inLanguage":"fi","potentialAction":[{"@type":"ReadAction","target":["https:\/\/sinainteriors.com\/mid-century-residential\/"]}]},{"@type":"ImageObject","inLanguage":"fi","@id":"https:\/\/sinainteriors.com\/mid-century-residential\/#primaryimage","url":"https:\/\/sinainteriors.com\/wp-content\/uploads\/2026\/02\/Mid-century-dining-room.webp","contentUrl":"https:\/\/sinainteriors.com\/wp-content\/uploads\/2026\/02\/Mid-century-dining-room.webp"},{"@type":"BreadcrumbList","@id":"https:\/\/sinainteriors.com\/mid-century-residential\/#breadcrumb","itemListElement":[{"@type":"ListItem","position":1,"name":"Home","item":"https:\/\/sinainteriors.com\/"},{"@type":"ListItem","position":2,"name":"Mid-century Residential Design"}]},{"@type":"WebSite","@id":"https:\/\/sinainteriors.com\/#website","url":"https:\/\/sinainteriors.com\/","name":"Sina Interiors","description":"Helsinki-Based Interior Design Studio | Interior Designer in Helsinki","publisher":{"@id":"https:\/\/sinainteriors.com\/#organization"},"alternateName":"Sinainteriors","potentialAction":[{"@type":"SearchAction","target":{"@type":"EntryPoint","urlTemplate":"https:\/\/sinainteriors.com\/?s={search_term_string}"},"query-input":{"@type":"PropertyValueSpecification","valueRequired":true,"valueName":"search_term_string"}}],"inLanguage":"fi"},{"@type":"Organization","@id":"https:\/\/sinainteriors.com\/#organization","name":"Sina Interiors","url":"https:\/\/sinainteriors.com\/","logo":{"@type":"ImageObject","inLanguage":"fi","@id":"https:\/\/sinainteriors.com\/#\/schema\/logo\/image\/","url":"https:\/\/sinainteriors.com\/wp-content\/uploads\/2026\/03\/image-removebg-preview136.png","contentUrl":"https:\/\/sinainteriors.com\/wp-content\/uploads\/2026\/03\/image-removebg-preview136.png","width":234,"height":176,"caption":"Sina Interiors"},"image":{"@id":"https:\/\/sinainteriors.com\/#\/schema\/logo\/image\/"},"sameAs":["https:\/\/www.facebook.com\/p\/Sina-Interiors-61562000177545\/","https:\/\/www.instagram.com\/sina.interiors\/"]}]}},"_hostinger_reach_plugin_has_subscription_block":false,"_hostinger_reach_plugin_is_elementor":false,"_links":{"self":[{"href":"https:\/\/sinainteriors.com\/fi\/wp-json\/wp\/v2\/pages\/526","targetHints":{"allow":["GET"]}}],"collection":[{"href":"https:\/\/sinainteriors.com\/fi\/wp-json\/wp\/v2\/pages"}],"about":[{"href":"https:\/\/sinainteriors.com\/fi\/wp-json\/wp\/v2\/types\/page"}],"author":[{"embeddable":true,"href":"https:\/\/sinainteriors.com\/fi\/wp-json\/wp\/v2\/users\/1"}],"replies":[{"embeddable":true,"href":"https:\/\/sinainteriors.com\/fi\/wp-json\/wp\/v2\/comments?post=526"}],"version-history":[{"count":19,"href":"https:\/\/sinainteriors.com\/fi\/wp-json\/wp\/v2\/pages\/526\/revisions"}],"predecessor-version":[{"id":577,"href":"https:\/\/sinainteriors.com\/fi\/wp-json\/wp\/v2\/pages\/526\/revisions\/577"}],"wp:attachment":[{"href":"https:\/\/sinainteriors.com\/fi\/wp-json\/wp\/v2\/media?parent=526"}],"curies":[{"name":"wp","href":"https:\/\/api.w.org\/{rel}","templated":true}]}}