{"id":548,"date":"2026-02-20T20:28:47","date_gmt":"2026-02-20T20:28:47","guid":{"rendered":"https:\/\/sinainteriors.com\/?page_id=548"},"modified":"2026-02-21T15:13:45","modified_gmt":"2026-02-21T15:13:45","slug":"viikki-apartment-decoration","status":"publish","type":"page","link":"https:\/\/sinainteriors.com\/fi\/viikki-apartment-decoration\/","title":{"rendered":"Viikki Apartment Decoration"},"content":{"rendered":"<div data-elementor-type=\"wp-page\" data-elementor-id=\"548\" class=\"elementor elementor-548\">\n\t\t\t\t<div class=\"elementor-element elementor-element-6ff411ce e-con-full e-flex e-con e-parent\" data-id=\"6ff411ce\" data-element_type=\"container\">\n\t\t<div class=\"elementor-element elementor-element-6a42262b e-con-full e-flex e-con e-child\" data-id=\"6a42262b\" data-element_type=\"container\">\n\t\t\t\t<div class=\"elementor-element elementor-element-3b09abaf elementor-widget__width-initial elementor-widget elementor-widget-image\" data-id=\"3b09abaf\" data-element_type=\"widget\" data-widget_type=\"image.default\">\n\t\t\t\t\t\t\t\t\t\t\t\t\t\t\t<img fetchpriority=\"high\" decoding=\"async\" width=\"800\" height=\"493\" src=\"https:\/\/sinainteriors.com\/wp-content\/uploads\/2026\/02\/Residential-Interior-design-mood-board-1024x631.webp\" class=\"attachment-large size-large wp-image-550\" alt=\"\" srcset=\"https:\/\/sinainteriors.com\/wp-content\/uploads\/2026\/02\/Residential-Interior-design-mood-board-1024x631.webp 1024w, https:\/\/sinainteriors.com\/wp-content\/uploads\/2026\/02\/Residential-Interior-design-mood-board-300x185.webp 300w, https:\/\/sinainteriors.com\/wp-content\/uploads\/2026\/02\/Residential-Interior-design-mood-board-768x473.webp 768w, https:\/\/sinainteriors.com\/wp-content\/uploads\/2026\/02\/Residential-Interior-design-mood-board-1536x946.webp 1536w, https:\/\/sinainteriors.com\/wp-content\/uploads\/2026\/02\/Residential-Interior-design-mood-board-2048x1262.webp 2048w, https:\/\/sinainteriors.com\/wp-content\/uploads\/2026\/02\/Residential-Interior-design-mood-board-18x12.webp 18w\" sizes=\"(max-width: 800px) 100vw, 800px\" \/>\t\t\t\t\t\t\t\t\t\t\t\t\t\t\t<\/div>\n\t\t\t\t<\/div>\n\t\t\t\t<div class=\"elementor-element elementor-element-561e441d elementor-widget elementor-widget-text-editor\" data-id=\"561e441d\" data-element_type=\"widget\" data-widget_type=\"text-editor.default\">\n\t\t\t\t\t\t\t\t\t<p class=\"sqsrte-small\">Asiakas: Merdis &amp; Lis<\/p><p class=\"sqsrte-small\">T\u00e4ss\u00e4 asiakkaideni uuden asunnon projektissa keskityin luomaan heid\u00e4n olohuoneeseensa toimivan pohjaratkaisun heid\u00e4n erityistarpeidensa pohjalta. He ilmaisivat toiveensa tilasta, joka on sek\u00e4 yksinkertainen ett\u00e4 minimalistinen, ja samalla he halusivat sis\u00e4llytt\u00e4\u00e4 siihen muutamia rohkeita v\u00e4rej\u00e4 heijastamaan toisen pariskunnan rakkautta retrov\u00e4ripaletteihin.<\/p><ul data-rte-list=\"default\"><li><p class=\"sqsrte-small\">Pehme\u00e4: Kevyet verhot tuovat huoneeseen pehmeytt\u00e4.<\/p><\/li><li><p class=\"sqsrte-small\">Taiteellinen: Eklektinen taide ja ainutlaatuiset koriste-esineet tuovat tilaan eloisuutta.<\/p><\/li><li><p class=\"sqsrte-small\">Viihtyis\u00e4: L\u00e4mmin valaistus ja mukavat kalusteet lis\u00e4\u00e4v\u00e4t viihtyisyyden tunnetta.<\/p><\/li><li><p class=\"sqsrte-small\">Orgaaninen: Luonnonmateriaalit ja maanl\u00e4heiset elementit lis\u00e4\u00e4v\u00e4t rauhallisuuden tunnetta.<\/p><\/li><li><p class=\"sqsrte-small\">Yksiv\u00e4rinen: Vintage-henkiset huonekalut ja nostalgiset yksityiskohdat her\u00e4tt\u00e4v\u00e4t nostalgian tunteen.<\/p><\/li><\/ul><p><!-- \/wp:image --><\/p>\t\t\t\t\t\t\t\t<\/div>\n\t\t\t\t<\/div>\n\t\t<div class=\"elementor-element elementor-element-9600aff e-con-full e-flex e-con e-parent\" data-id=\"9600aff\" data-element_type=\"container\">\n\t\t<div class=\"elementor-element elementor-element-4be615a6 e-con-full e-flex e-con e-child\" data-id=\"4be615a6\" data-element_type=\"container\">\n\t\t\t\t<div class=\"elementor-element elementor-element-1666a0b7 elementor-widget elementor-widget-image\" data-id=\"1666a0b7\" data-element_type=\"widget\" data-widget_type=\"image.default\">\n\t\t\t\t\t\t\t\t\t\t\t\t\t\t\t<img decoding=\"async\" width=\"792\" height=\"1298\" src=\"https:\/\/sinainteriors.com\/wp-content\/uploads\/2026\/02\/Screenshot2024-07-11at21.13.34.webp\" class=\"attachment-full size-full wp-image-551\" alt=\"\" srcset=\"https:\/\/sinainteriors.com\/wp-content\/uploads\/2026\/02\/Screenshot2024-07-11at21.13.34.webp 792w, https:\/\/sinainteriors.com\/wp-content\/uploads\/2026\/02\/Screenshot2024-07-11at21.13.34-183x300.webp 183w, https:\/\/sinainteriors.com\/wp-content\/uploads\/2026\/02\/Screenshot2024-07-11at21.13.34-625x1024.webp 625w, https:\/\/sinainteriors.com\/wp-content\/uploads\/2026\/02\/Screenshot2024-07-11at21.13.34-768x1259.webp 768w, https:\/\/sinainteriors.com\/wp-content\/uploads\/2026\/02\/Screenshot2024-07-11at21.13.34-7x12.webp 7w\" sizes=\"(max-width: 792px) 100vw, 792px\" \/>\t\t\t\t\t\t\t\t\t\t\t\t\t\t\t<\/div>\n\t\t\t\t<\/div>\n\t\t<div class=\"elementor-element elementor-element-21db6759 e-flex e-con-boxed e-con e-child\" data-id=\"21db6759\" data-element_type=\"container\">\n\t\t\t\t\t<div class=\"e-con-inner\">\n\t\t\t\t<div class=\"elementor-element elementor-element-3b62b806 elementor-widget elementor-widget-image\" data-id=\"3b62b806\" data-element_type=\"widget\" data-widget_type=\"image.default\">\n\t\t\t\t\t\t\t\t\t\t\t\t\t\t\t<img decoding=\"async\" src=\"https:\/\/sinainteriors.com\/wp-content\/uploads\/2026\/02\/Screenshot2024-07-12at9.17.03.webp\" title=\"Living room space planning\" alt=\"Living room space planning\" loading=\"lazy\" \/>\t\t\t\t\t\t\t\t\t\t\t\t\t\t\t<\/div>\n\t\t\t\t\t<\/div>\n\t\t\t\t<\/div>\n\t\t\t\t<\/div>\n\t\t<div class=\"elementor-element elementor-element-26ff0365 e-con-full e-flex e-con e-parent\" data-id=\"26ff0365\" data-element_type=\"container\">\n\t\t<div class=\"elementor-element elementor-element-15d6618d e-con-full e-flex e-con e-child\" data-id=\"15d6618d\" data-element_type=\"container\">\n\t\t\t\t<div class=\"elementor-element elementor-element-6442f5e4 elementor-widget elementor-widget-image\" data-id=\"6442f5e4\" data-element_type=\"widget\" data-widget_type=\"image.default\">\n\t\t\t\t\t\t\t\t\t\t\t\t\t\t\t<img decoding=\"async\" width=\"2500\" height=\"1407\" src=\"https:\/\/sinainteriors.com\/wp-content\/uploads\/2026\/02\/Apartment-Decoration.webp\" class=\"attachment-full size-full wp-image-553\" alt=\"\" srcset=\"https:\/\/sinainteriors.com\/wp-content\/uploads\/2026\/02\/Apartment-Decoration.webp 2500w, https:\/\/sinainteriors.com\/wp-content\/uploads\/2026\/02\/Apartment-Decoration-300x169.webp 300w, https:\/\/sinainteriors.com\/wp-content\/uploads\/2026\/02\/Apartment-Decoration-1024x576.webp 1024w, https:\/\/sinainteriors.com\/wp-content\/uploads\/2026\/02\/Apartment-Decoration-768x432.webp 768w, https:\/\/sinainteriors.com\/wp-content\/uploads\/2026\/02\/Apartment-Decoration-1536x864.webp 1536w, https:\/\/sinainteriors.com\/wp-content\/uploads\/2026\/02\/Apartment-Decoration-2048x1153.webp 2048w, https:\/\/sinainteriors.com\/wp-content\/uploads\/2026\/02\/Apartment-Decoration-18x10.webp 18w\" sizes=\"(max-width: 2500px) 100vw, 2500px\" \/>\t\t\t\t\t\t\t\t\t\t\t\t\t\t\t<\/div>\n\t\t\t\t<\/div>\n\t\t\t\t<\/div>\n\t\t\t\t<\/div>","protected":false},"excerpt":{"rendered":"<p>Client: Merdis and Lis In this project for my clients&#8217; new apartment, I focused on creating a functional layout for their living room based on their specific requirements. They expressed a desire for a space that is both simple and minimal, while also incorporating a few bold colors to reflect one of the couple&#8217;s love [&hellip;]<\/p>","protected":false},"author":1,"featured_media":0,"parent":0,"menu_order":0,"comment_status":"closed","ping_status":"closed","template":"","meta":{"footnotes":""},"class_list":["post-548","page","type-page","status-publish","hentry"],"yoast_head":"<!-- This site is optimized with the Yoast SEO plugin v27.2 - https:\/\/yoast.com\/product\/yoast-seo-wordpress\/ -->\n<title>Viikki Apartment Decoration - Sina Interiors<\/title>\n<meta name=\"robots\" content=\"index, follow, max-snippet:-1, max-image-preview:large, max-video-preview:-1\" \/>\n<link rel=\"canonical\" href=\"https:\/\/sinainteriors.com\/fi\/viikki-apartment-decoration\/\" \/>\n<meta property=\"og:locale\" content=\"fi_FI\" \/>\n<meta property=\"og:type\" content=\"article\" \/>\n<meta property=\"og:title\" content=\"Viikki Apartment Decoration - Sina Interiors\" \/>\n<meta property=\"og:description\" content=\"Client: Merdis and Lis In this project for my clients&#8217; new apartment, I focused on creating a functional layout for their living room based on their specific requirements. They expressed a desire for a space that is both simple and minimal, while also incorporating a few bold colors to reflect one of the couple&#8217;s love [&hellip;]\" \/>\n<meta property=\"og:url\" content=\"https:\/\/sinainteriors.com\/fi\/viikki-apartment-decoration\/\" \/>\n<meta property=\"og:site_name\" content=\"Sina Interiors\" \/>\n<meta property=\"article:publisher\" content=\"https:\/\/www.facebook.com\/p\/Sina-Interiors-61562000177545\/\" \/>\n<meta property=\"article:modified_time\" content=\"2026-02-21T15:13:45+00:00\" \/>\n<meta property=\"og:image\" content=\"https:\/\/sinainteriors.com\/wp-content\/uploads\/2026\/02\/Residential-Interior-design-mood-board.webp\" \/>\n\t<meta property=\"og:image:width\" content=\"2422\" \/>\n\t<meta property=\"og:image:height\" content=\"1492\" \/>\n\t<meta property=\"og:image:type\" content=\"image\/webp\" \/>\n<meta name=\"twitter:card\" content=\"summary_large_image\" \/>\n<meta name=\"twitter:label1\" content=\"Arvioitu lukuaika\" \/>\n\t<meta name=\"twitter:data1\" content=\"1 minuutti\" \/>\n<script type=\"application\/ld+json\" class=\"yoast-schema-graph\">{\"@context\":\"https:\/\/schema.org\",\"@graph\":[{\"@type\":\"WebPage\",\"@id\":\"https:\/\/sinainteriors.com\/viikki-apartment-decoration\/\",\"url\":\"https:\/\/sinainteriors.com\/viikki-apartment-decoration\/\",\"name\":\"Viikki Apartment Decoration - Sina Interiors\",\"isPartOf\":{\"@id\":\"https:\/\/sinainteriors.com\/#website\"},\"primaryImageOfPage\":{\"@id\":\"https:\/\/sinainteriors.com\/viikki-apartment-decoration\/#primaryimage\"},\"image\":{\"@id\":\"https:\/\/sinainteriors.com\/viikki-apartment-decoration\/#primaryimage\"},\"thumbnailUrl\":\"https:\/\/sinainteriors.com\/wp-content\/uploads\/2026\/02\/Residential-Interior-design-mood-board-1024x631.webp\",\"datePublished\":\"2026-02-20T20:28:47+00:00\",\"dateModified\":\"2026-02-21T15:13:45+00:00\",\"breadcrumb\":{\"@id\":\"https:\/\/sinainteriors.com\/viikki-apartment-decoration\/#breadcrumb\"},\"inLanguage\":\"fi\",\"potentialAction\":[{\"@type\":\"ReadAction\",\"target\":[\"https:\/\/sinainteriors.com\/viikki-apartment-decoration\/\"]}]},{\"@type\":\"ImageObject\",\"inLanguage\":\"fi\",\"@id\":\"https:\/\/sinainteriors.com\/viikki-apartment-decoration\/#primaryimage\",\"url\":\"https:\/\/sinainteriors.com\/wp-content\/uploads\/2026\/02\/Residential-Interior-design-mood-board-1024x631.webp\",\"contentUrl\":\"https:\/\/sinainteriors.com\/wp-content\/uploads\/2026\/02\/Residential-Interior-design-mood-board-1024x631.webp\"},{\"@type\":\"BreadcrumbList\",\"@id\":\"https:\/\/sinainteriors.com\/viikki-apartment-decoration\/#breadcrumb\",\"itemListElement\":[{\"@type\":\"ListItem\",\"position\":1,\"name\":\"Home\",\"item\":\"https:\/\/sinainteriors.com\/\"},{\"@type\":\"ListItem\",\"position\":2,\"name\":\"Viikki Apartment Decoration\"}]},{\"@type\":\"WebSite\",\"@id\":\"https:\/\/sinainteriors.com\/#website\",\"url\":\"https:\/\/sinainteriors.com\/\",\"name\":\"Sina Interiors\",\"description\":\"Helsinki-Based Interior Design Studio | Interior Designer in Helsinki\",\"publisher\":{\"@id\":\"https:\/\/sinainteriors.com\/#organization\"},\"alternateName\":\"Sinainteriors\",\"potentialAction\":[{\"@type\":\"SearchAction\",\"target\":{\"@type\":\"EntryPoint\",\"urlTemplate\":\"https:\/\/sinainteriors.com\/?s={search_term_string}\"},\"query-input\":{\"@type\":\"PropertyValueSpecification\",\"valueRequired\":true,\"valueName\":\"search_term_string\"}}],\"inLanguage\":\"fi\"},{\"@type\":\"Organization\",\"@id\":\"https:\/\/sinainteriors.com\/#organization\",\"name\":\"Sina Interiors\",\"url\":\"https:\/\/sinainteriors.com\/\",\"logo\":{\"@type\":\"ImageObject\",\"inLanguage\":\"fi\",\"@id\":\"https:\/\/sinainteriors.com\/#\/schema\/logo\/image\/\",\"url\":\"https:\/\/sinainteriors.com\/wp-content\/uploads\/2026\/03\/image-removebg-preview136.png\",\"contentUrl\":\"https:\/\/sinainteriors.com\/wp-content\/uploads\/2026\/03\/image-removebg-preview136.png\",\"width\":234,\"height\":176,\"caption\":\"Sina Interiors\"},\"image\":{\"@id\":\"https:\/\/sinainteriors.com\/#\/schema\/logo\/image\/\"},\"sameAs\":[\"https:\/\/www.facebook.com\/p\/Sina-Interiors-61562000177545\/\",\"https:\/\/www.instagram.com\/sina.interiors\/\"]}]}<\/script>\n<!-- \/ Yoast SEO plugin. -->","yoast_head_json":{"title":"Viikki Apartment Decoration - Sina Interiors","robots":{"index":"index","follow":"follow","max-snippet":"max-snippet:-1","max-image-preview":"max-image-preview:large","max-video-preview":"max-video-preview:-1"},"canonical":"https:\/\/sinainteriors.com\/fi\/viikki-apartment-decoration\/","og_locale":"fi_FI","og_type":"article","og_title":"Viikki Apartment Decoration - Sina Interiors","og_description":"Client: Merdis and Lis In this project for my clients&#8217; new apartment, I focused on creating a functional layout for their living room based on their specific requirements. They expressed a desire for a space that is both simple and minimal, while also incorporating a few bold colors to reflect one of the couple&#8217;s love [&hellip;]","og_url":"https:\/\/sinainteriors.com\/fi\/viikki-apartment-decoration\/","og_site_name":"Sina Interiors","article_publisher":"https:\/\/www.facebook.com\/p\/Sina-Interiors-61562000177545\/","article_modified_time":"2026-02-21T15:13:45+00:00","og_image":[{"width":2422,"height":1492,"url":"https:\/\/sinainteriors.com\/wp-content\/uploads\/2026\/02\/Residential-Interior-design-mood-board.webp","type":"image\/webp"}],"twitter_card":"summary_large_image","twitter_misc":{"Arvioitu lukuaika":"1 minuutti"},"schema":{"@context":"https:\/\/schema.org","@graph":[{"@type":"WebPage","@id":"https:\/\/sinainteriors.com\/viikki-apartment-decoration\/","url":"https:\/\/sinainteriors.com\/viikki-apartment-decoration\/","name":"Viikki Apartment Decoration - Sina Interiors","isPartOf":{"@id":"https:\/\/sinainteriors.com\/#website"},"primaryImageOfPage":{"@id":"https:\/\/sinainteriors.com\/viikki-apartment-decoration\/#primaryimage"},"image":{"@id":"https:\/\/sinainteriors.com\/viikki-apartment-decoration\/#primaryimage"},"thumbnailUrl":"https:\/\/sinainteriors.com\/wp-content\/uploads\/2026\/02\/Residential-Interior-design-mood-board-1024x631.webp","datePublished":"2026-02-20T20:28:47+00:00","dateModified":"2026-02-21T15:13:45+00:00","breadcrumb":{"@id":"https:\/\/sinainteriors.com\/viikki-apartment-decoration\/#breadcrumb"},"inLanguage":"fi","potentialAction":[{"@type":"ReadAction","target":["https:\/\/sinainteriors.com\/viikki-apartment-decoration\/"]}]},{"@type":"ImageObject","inLanguage":"fi","@id":"https:\/\/sinainteriors.com\/viikki-apartment-decoration\/#primaryimage","url":"https:\/\/sinainteriors.com\/wp-content\/uploads\/2026\/02\/Residential-Interior-design-mood-board-1024x631.webp","contentUrl":"https:\/\/sinainteriors.com\/wp-content\/uploads\/2026\/02\/Residential-Interior-design-mood-board-1024x631.webp"},{"@type":"BreadcrumbList","@id":"https:\/\/sinainteriors.com\/viikki-apartment-decoration\/#breadcrumb","itemListElement":[{"@type":"ListItem","position":1,"name":"Home","item":"https:\/\/sinainteriors.com\/"},{"@type":"ListItem","position":2,"name":"Viikki Apartment Decoration"}]},{"@type":"WebSite","@id":"https:\/\/sinainteriors.com\/#website","url":"https:\/\/sinainteriors.com\/","name":"Sina Interiors","description":"Helsinki-Based Interior Design Studio | Interior Designer in Helsinki","publisher":{"@id":"https:\/\/sinainteriors.com\/#organization"},"alternateName":"Sinainteriors","potentialAction":[{"@type":"SearchAction","target":{"@type":"EntryPoint","urlTemplate":"https:\/\/sinainteriors.com\/?s={search_term_string}"},"query-input":{"@type":"PropertyValueSpecification","valueRequired":true,"valueName":"search_term_string"}}],"inLanguage":"fi"},{"@type":"Organization","@id":"https:\/\/sinainteriors.com\/#organization","name":"Sina Interiors","url":"https:\/\/sinainteriors.com\/","logo":{"@type":"ImageObject","inLanguage":"fi","@id":"https:\/\/sinainteriors.com\/#\/schema\/logo\/image\/","url":"https:\/\/sinainteriors.com\/wp-content\/uploads\/2026\/03\/image-removebg-preview136.png","contentUrl":"https:\/\/sinainteriors.com\/wp-content\/uploads\/2026\/03\/image-removebg-preview136.png","width":234,"height":176,"caption":"Sina Interiors"},"image":{"@id":"https:\/\/sinainteriors.com\/#\/schema\/logo\/image\/"},"sameAs":["https:\/\/www.facebook.com\/p\/Sina-Interiors-61562000177545\/","https:\/\/www.instagram.com\/sina.interiors\/"]}]}},"_hostinger_reach_plugin_has_subscription_block":false,"_hostinger_reach_plugin_is_elementor":false,"_links":{"self":[{"href":"https:\/\/sinainteriors.com\/fi\/wp-json\/wp\/v2\/pages\/548","targetHints":{"allow":["GET"]}}],"collection":[{"href":"https:\/\/sinainteriors.com\/fi\/wp-json\/wp\/v2\/pages"}],"about":[{"href":"https:\/\/sinainteriors.com\/fi\/wp-json\/wp\/v2\/types\/page"}],"author":[{"embeddable":true,"href":"https:\/\/sinainteriors.com\/fi\/wp-json\/wp\/v2\/users\/1"}],"replies":[{"embeddable":true,"href":"https:\/\/sinainteriors.com\/fi\/wp-json\/wp\/v2\/comments?post=548"}],"version-history":[{"count":13,"href":"https:\/\/sinainteriors.com\/fi\/wp-json\/wp\/v2\/pages\/548\/revisions"}],"predecessor-version":[{"id":570,"href":"https:\/\/sinainteriors.com\/fi\/wp-json\/wp\/v2\/pages\/548\/revisions\/570"}],"wp:attachment":[{"href":"https:\/\/sinainteriors.com\/fi\/wp-json\/wp\/v2\/media?parent=548"}],"curies":[{"name":"wp","href":"https:\/\/api.w.org\/{rel}","templated":true}]}}