{"id":591,"date":"2026-02-21T16:01:16","date_gmt":"2026-02-21T16:01:16","guid":{"rendered":"https:\/\/sinainteriors.com\/?page_id=591"},"modified":"2026-03-24T13:08:28","modified_gmt":"2026-03-24T13:08:28","slug":"detached-house-vuosaari-helsinki","status":"publish","type":"page","link":"https:\/\/sinainteriors.com\/fi\/detached-house-vuosaari-helsinki\/","title":{"rendered":"Detached House Vuosaari &#8211; Helsinki"},"content":{"rendered":"<div data-elementor-type=\"wp-page\" data-elementor-id=\"591\" class=\"elementor elementor-591\">\n\t\t\t\t<div class=\"elementor-element elementor-element-7906b742 e-con-full e-flex e-con e-parent\" data-id=\"7906b742\" data-element_type=\"container\">\n\t\t<div class=\"elementor-element elementor-element-144bfa e-con-full e-flex e-con e-child\" data-id=\"144bfa\" data-element_type=\"container\">\n\t\t\t\t<div class=\"elementor-element elementor-element-45142486 elementor-widget__width-initial elementor-widget elementor-widget-image\" data-id=\"45142486\" data-element_type=\"widget\" data-widget_type=\"image.default\">\n\t\t\t\t\t\t\t\t\t\t\t\t\t\t\t<img fetchpriority=\"high\" decoding=\"async\" width=\"800\" height=\"450\" src=\"https:\/\/sinainteriors.com\/wp-content\/uploads\/2026\/01\/IMG_9445-1024x576.jpeg\" class=\"attachment-large size-large wp-image-461\" alt=\"\" srcset=\"https:\/\/sinainteriors.com\/wp-content\/uploads\/2026\/01\/IMG_9445-1024x576.jpeg 1024w, https:\/\/sinainteriors.com\/wp-content\/uploads\/2026\/01\/IMG_9445-300x169.jpeg 300w, https:\/\/sinainteriors.com\/wp-content\/uploads\/2026\/01\/IMG_9445-768x432.jpeg 768w, https:\/\/sinainteriors.com\/wp-content\/uploads\/2026\/01\/IMG_9445-1536x864.jpeg 1536w, https:\/\/sinainteriors.com\/wp-content\/uploads\/2026\/01\/IMG_9445-18x10.jpeg 18w, https:\/\/sinainteriors.com\/wp-content\/uploads\/2026\/01\/IMG_9445.jpeg 1982w\" sizes=\"(max-width: 800px) 100vw, 800px\" \/>\t\t\t\t\t\t\t\t\t\t\t\t\t\t\t<\/div>\n\t\t\t\t<\/div>\n\t\t\t\t<div class=\"elementor-element elementor-element-2859a3bc elementor-widget elementor-widget-text-editor\" data-id=\"2859a3bc\" data-element_type=\"widget\" data-widget_type=\"text-editor.default\">\n\t\t\t\t\t\t\t\t\t<p data-start=\"79\" data-end=\"300\">T\u00e4m\u00e4n 1960-luvun omakotitalon muuttaminen ja sen ansaitseman persoonallisuuden antaminen oli haastava teht\u00e4v\u00e4. Omistajat, nuori lapsiperhe, periv\u00e4t isovanhempien kodin, joka kaipasi pikaista remonttia.<\/p><p data-start=\"302\" data-end=\"549\" data-is-last-node=\"\" data-is-only-node=\"\">Pariskunta halusi vaatimattoman talon, joka kuvastaisi heid\u00e4n el\u00e4m\u00e4ntapaansa ja kiinnostuksen kohteitaan ilman tiukkoja tyylej\u00e4 tai ennalta m\u00e4\u00e4riteltyj\u00e4 teemoja. Tuloksena on v\u00e4rik\u00e4s koti, jossa jokainen huone kertoo oman tarinansa ja koko talo s\u00e4ilytt\u00e4\u00e4 harmonisen tunnelman.<\/p><p><!-- \/wp:image --><\/p>\t\t\t\t\t\t\t\t<\/div>\n\t\t\t\t<\/div>\n\t\t<div class=\"elementor-element elementor-element-274ad270 e-con-full e-flex e-con e-parent\" data-id=\"274ad270\" data-element_type=\"container\">\n\t\t<div class=\"elementor-element elementor-element-7f347a3a e-con-full e-flex e-con e-child\" data-id=\"7f347a3a\" data-element_type=\"container\">\n\t\t\t\t<div class=\"elementor-element elementor-element-5b977952 elementor-widget elementor-widget-image\" data-id=\"5b977952\" data-element_type=\"widget\" data-widget_type=\"image.default\">\n\t\t\t\t\t\t\t\t\t\t\t\t\t\t\t<img decoding=\"async\" width=\"2500\" height=\"2500\" src=\"https:\/\/sinainteriors.com\/wp-content\/uploads\/2026\/02\/Residentialdecoration.webp\" class=\"attachment-full size-full wp-image-593\" alt=\"\" srcset=\"https:\/\/sinainteriors.com\/wp-content\/uploads\/2026\/02\/Residentialdecoration.webp 2500w, https:\/\/sinainteriors.com\/wp-content\/uploads\/2026\/02\/Residentialdecoration-300x300.webp 300w, https:\/\/sinainteriors.com\/wp-content\/uploads\/2026\/02\/Residentialdecoration-1024x1024.webp 1024w, https:\/\/sinainteriors.com\/wp-content\/uploads\/2026\/02\/Residentialdecoration-150x150.webp 150w, https:\/\/sinainteriors.com\/wp-content\/uploads\/2026\/02\/Residentialdecoration-768x768.webp 768w, https:\/\/sinainteriors.com\/wp-content\/uploads\/2026\/02\/Residentialdecoration-1536x1536.webp 1536w, https:\/\/sinainteriors.com\/wp-content\/uploads\/2026\/02\/Residentialdecoration-2048x2048.webp 2048w, https:\/\/sinainteriors.com\/wp-content\/uploads\/2026\/02\/Residentialdecoration-12x12.webp 12w\" sizes=\"(max-width: 2500px) 100vw, 2500px\" \/>\t\t\t\t\t\t\t\t\t\t\t\t\t\t\t<\/div>\n\t\t\t\t<\/div>\n\t\t<div class=\"elementor-element elementor-element-20388e2c e-flex e-con-boxed e-con e-child\" data-id=\"20388e2c\" data-element_type=\"container\">\n\t\t\t\t\t<div class=\"e-con-inner\">\n\t\t\t\t<div class=\"elementor-element elementor-element-55a4d092 elementor-widget elementor-widget-image\" data-id=\"55a4d092\" data-element_type=\"widget\" data-widget_type=\"image.default\">\n\t\t\t\t\t\t\t\t\t\t\t\t\t\t\t<img decoding=\"async\" src=\"https:\/\/sinainteriors.com\/wp-content\/uploads\/2026\/02\/IMG_9554-scaled.webp\" title=\"IMG_9554\" alt=\"IMG_9554\" loading=\"lazy\" \/>\t\t\t\t\t\t\t\t\t\t\t\t\t\t\t<\/div>\n\t\t\t\t\t<\/div>\n\t\t\t\t<\/div>\n\t\t\t\t<\/div>\n\t\t<div class=\"elementor-element elementor-element-486f219a e-con-full e-flex e-con e-parent\" data-id=\"486f219a\" data-element_type=\"container\">\n\t\t<div class=\"elementor-element elementor-element-2c603c7c e-con-full e-flex e-con e-child\" data-id=\"2c603c7c\" data-element_type=\"container\">\n\t\t\t\t<div class=\"elementor-element elementor-element-59b82e6a elementor-widget elementor-widget-image\" data-id=\"59b82e6a\" data-element_type=\"widget\" data-widget_type=\"image.default\">\n\t\t\t\t\t\t\t\t\t\t\t\t\t\t\t<img decoding=\"async\" width=\"1600\" height=\"1203\" src=\"https:\/\/sinainteriors.com\/wp-content\/uploads\/2026\/02\/IMG-20240617-WA0002.webp\" class=\"attachment-full size-full wp-image-595\" alt=\"\" srcset=\"https:\/\/sinainteriors.com\/wp-content\/uploads\/2026\/02\/IMG-20240617-WA0002.webp 1600w, https:\/\/sinainteriors.com\/wp-content\/uploads\/2026\/02\/IMG-20240617-WA0002-300x226.webp 300w, https:\/\/sinainteriors.com\/wp-content\/uploads\/2026\/02\/IMG-20240617-WA0002-1024x770.webp 1024w, https:\/\/sinainteriors.com\/wp-content\/uploads\/2026\/02\/IMG-20240617-WA0002-768x577.webp 768w, https:\/\/sinainteriors.com\/wp-content\/uploads\/2026\/02\/IMG-20240617-WA0002-1536x1155.webp 1536w, https:\/\/sinainteriors.com\/wp-content\/uploads\/2026\/02\/IMG-20240617-WA0002-16x12.webp 16w\" sizes=\"(max-width: 1600px) 100vw, 1600px\" \/>\t\t\t\t\t\t\t\t\t\t\t\t\t\t\t<\/div>\n\t\t\t\t<\/div>\n\t\t\t\t<\/div>\n\t\t<div class=\"elementor-element elementor-element-d45fc33 e-con-full e-flex e-con e-parent\" data-id=\"d45fc33\" data-element_type=\"container\">\n\t\t<div class=\"elementor-element elementor-element-f59043d e-con-full e-flex e-con e-child\" data-id=\"f59043d\" data-element_type=\"container\">\n\t\t\t\t<div class=\"elementor-element elementor-element-ca54bd3 elementor-widget elementor-widget-image\" data-id=\"ca54bd3\" data-element_type=\"widget\" data-widget_type=\"image.default\">\n\t\t\t\t\t\t\t\t\t\t\t\t\t\t\t<img loading=\"lazy\" decoding=\"async\" width=\"1707\" height=\"2560\" src=\"https:\/\/sinainteriors.com\/wp-content\/uploads\/2026\/02\/IMG_9627-scaled.webp\" class=\"attachment-full size-full wp-image-596\" alt=\"\" srcset=\"https:\/\/sinainteriors.com\/wp-content\/uploads\/2026\/02\/IMG_9627-scaled.webp 1707w, https:\/\/sinainteriors.com\/wp-content\/uploads\/2026\/02\/IMG_9627-200x300.webp 200w, https:\/\/sinainteriors.com\/wp-content\/uploads\/2026\/02\/IMG_9627-683x1024.webp 683w, https:\/\/sinainteriors.com\/wp-content\/uploads\/2026\/02\/IMG_9627-768x1152.webp 768w, https:\/\/sinainteriors.com\/wp-content\/uploads\/2026\/02\/IMG_9627-1024x1536.webp 1024w, https:\/\/sinainteriors.com\/wp-content\/uploads\/2026\/02\/IMG_9627-1365x2048.webp 1365w, https:\/\/sinainteriors.com\/wp-content\/uploads\/2026\/02\/IMG_9627-8x12.webp 8w\" sizes=\"(max-width: 1707px) 100vw, 1707px\" \/>\t\t\t\t\t\t\t\t\t\t\t\t\t\t\t<\/div>\n\t\t\t\t<\/div>\n\t\t<div class=\"elementor-element elementor-element-e0aff43 e-flex e-con-boxed e-con e-child\" data-id=\"e0aff43\" data-element_type=\"container\" data-settings=\"{&quot;background_background&quot;:&quot;classic&quot;}\">\n\t\t\t\t\t<div class=\"e-con-inner\">\n\t\t\t\t\t<\/div>\n\t\t\t\t<\/div>\n\t\t\t\t<\/div>\n\t\t\t\t<\/div>","protected":false},"excerpt":{"rendered":"<p>Transforming this 1960s detached house and giving it the personality it deserved was a challenging task. The owners, a young family with one child, inherited the grandparents\u2019 home, which was in urgent need of renovation. The couple wished for a humble house that reflected their lifestyle and interests, free from strict styles or predefined themes. [&hellip;]<\/p>","protected":false},"author":1,"featured_media":0,"parent":0,"menu_order":0,"comment_status":"closed","ping_status":"closed","template":"","meta":{"footnotes":""},"class_list":["post-591","page","type-page","status-publish","hentry"],"yoast_head":"<!-- This site is optimized with the Yoast SEO plugin v27.2 - https:\/\/yoast.com\/product\/yoast-seo-wordpress\/ -->\n<title>Detached House Vuosaari - Helsinki - Sina Interiors<\/title>\n<meta name=\"description\" content=\"Step inside our detached house project in Vuosaari, Helsinki. Discover how we used bold colors and romantic textures to create a daring, home.\" \/>\n<meta name=\"robots\" content=\"index, follow, max-snippet:-1, max-image-preview:large, max-video-preview:-1\" \/>\n<link rel=\"canonical\" href=\"https:\/\/sinainteriors.com\/fi\/detached-house-vuosaari-helsinki\/\" \/>\n<meta property=\"og:locale\" content=\"fi_FI\" \/>\n<meta property=\"og:type\" content=\"article\" \/>\n<meta property=\"og:title\" content=\"Detached House Vuosaari - Helsinki - Sina Interiors\" \/>\n<meta property=\"og:description\" content=\"Step inside our detached house project in Vuosaari, Helsinki. Discover how we used bold colors and romantic textures to create a daring, home.\" \/>\n<meta property=\"og:url\" content=\"https:\/\/sinainteriors.com\/fi\/detached-house-vuosaari-helsinki\/\" \/>\n<meta property=\"og:site_name\" content=\"Sina Interiors\" \/>\n<meta property=\"article:publisher\" content=\"https:\/\/www.facebook.com\/p\/Sina-Interiors-61562000177545\/\" \/>\n<meta property=\"article:modified_time\" content=\"2026-03-24T13:08:28+00:00\" \/>\n<meta property=\"og:image\" content=\"https:\/\/sinainteriors.com\/wp-content\/uploads\/2026\/01\/IMG_9445-1024x576.jpeg\" \/>\n<meta name=\"twitter:card\" content=\"summary_large_image\" \/>\n<meta name=\"twitter:label1\" content=\"Arvioitu lukuaika\" \/>\n\t<meta name=\"twitter:data1\" content=\"2 minuuttia\" \/>\n<script type=\"application\/ld+json\" class=\"yoast-schema-graph\">{\"@context\":\"https:\/\/schema.org\",\"@graph\":[{\"@type\":\"WebPage\",\"@id\":\"https:\/\/sinainteriors.com\/detached-house-vuosaari-helsinki\/\",\"url\":\"https:\/\/sinainteriors.com\/detached-house-vuosaari-helsinki\/\",\"name\":\"Detached House Vuosaari - Helsinki - Sina Interiors\",\"isPartOf\":{\"@id\":\"https:\/\/sinainteriors.com\/#website\"},\"primaryImageOfPage\":{\"@id\":\"https:\/\/sinainteriors.com\/detached-house-vuosaari-helsinki\/#primaryimage\"},\"image\":{\"@id\":\"https:\/\/sinainteriors.com\/detached-house-vuosaari-helsinki\/#primaryimage\"},\"thumbnailUrl\":\"https:\/\/sinainteriors.com\/wp-content\/uploads\/2026\/01\/IMG_9445-1024x576.jpeg\",\"datePublished\":\"2026-02-21T16:01:16+00:00\",\"dateModified\":\"2026-03-24T13:08:28+00:00\",\"description\":\"Step inside our detached house project in Vuosaari, Helsinki. Discover how we used bold colors and romantic textures to create a daring, home.\",\"breadcrumb\":{\"@id\":\"https:\/\/sinainteriors.com\/detached-house-vuosaari-helsinki\/#breadcrumb\"},\"inLanguage\":\"fi\",\"potentialAction\":[{\"@type\":\"ReadAction\",\"target\":[\"https:\/\/sinainteriors.com\/detached-house-vuosaari-helsinki\/\"]}]},{\"@type\":\"ImageObject\",\"inLanguage\":\"fi\",\"@id\":\"https:\/\/sinainteriors.com\/detached-house-vuosaari-helsinki\/#primaryimage\",\"url\":\"https:\/\/sinainteriors.com\/wp-content\/uploads\/2026\/01\/IMG_9445-1024x576.jpeg\",\"contentUrl\":\"https:\/\/sinainteriors.com\/wp-content\/uploads\/2026\/01\/IMG_9445-1024x576.jpeg\"},{\"@type\":\"BreadcrumbList\",\"@id\":\"https:\/\/sinainteriors.com\/detached-house-vuosaari-helsinki\/#breadcrumb\",\"itemListElement\":[{\"@type\":\"ListItem\",\"position\":1,\"name\":\"Home\",\"item\":\"https:\/\/sinainteriors.com\/\"},{\"@type\":\"ListItem\",\"position\":2,\"name\":\"Detached House Vuosaari &#8211; Helsinki\"}]},{\"@type\":\"WebSite\",\"@id\":\"https:\/\/sinainteriors.com\/#website\",\"url\":\"https:\/\/sinainteriors.com\/\",\"name\":\"Sina Interiors\",\"description\":\"Helsinki-Based Interior Design Studio | Interior Designer in Helsinki\",\"publisher\":{\"@id\":\"https:\/\/sinainteriors.com\/#organization\"},\"alternateName\":\"Sinainteriors\",\"potentialAction\":[{\"@type\":\"SearchAction\",\"target\":{\"@type\":\"EntryPoint\",\"urlTemplate\":\"https:\/\/sinainteriors.com\/?s={search_term_string}\"},\"query-input\":{\"@type\":\"PropertyValueSpecification\",\"valueRequired\":true,\"valueName\":\"search_term_string\"}}],\"inLanguage\":\"fi\"},{\"@type\":\"Organization\",\"@id\":\"https:\/\/sinainteriors.com\/#organization\",\"name\":\"Sina Interiors\",\"url\":\"https:\/\/sinainteriors.com\/\",\"logo\":{\"@type\":\"ImageObject\",\"inLanguage\":\"fi\",\"@id\":\"https:\/\/sinainteriors.com\/#\/schema\/logo\/image\/\",\"url\":\"https:\/\/sinainteriors.com\/wp-content\/uploads\/2026\/03\/image-removebg-preview136.png\",\"contentUrl\":\"https:\/\/sinainteriors.com\/wp-content\/uploads\/2026\/03\/image-removebg-preview136.png\",\"width\":234,\"height\":176,\"caption\":\"Sina Interiors\"},\"image\":{\"@id\":\"https:\/\/sinainteriors.com\/#\/schema\/logo\/image\/\"},\"sameAs\":[\"https:\/\/www.facebook.com\/p\/Sina-Interiors-61562000177545\/\",\"https:\/\/www.instagram.com\/sina.interiors\/\"]}]}<\/script>\n<!-- \/ Yoast SEO plugin. -->","yoast_head_json":{"title":"Detached House Vuosaari - Helsinki - Sina Interiors","description":"Step inside our detached house project in Vuosaari, Helsinki. Discover how we used bold colors and romantic textures to create a daring, home.","robots":{"index":"index","follow":"follow","max-snippet":"max-snippet:-1","max-image-preview":"max-image-preview:large","max-video-preview":"max-video-preview:-1"},"canonical":"https:\/\/sinainteriors.com\/fi\/detached-house-vuosaari-helsinki\/","og_locale":"fi_FI","og_type":"article","og_title":"Detached House Vuosaari - Helsinki - Sina Interiors","og_description":"Step inside our detached house project in Vuosaari, Helsinki. Discover how we used bold colors and romantic textures to create a daring, home.","og_url":"https:\/\/sinainteriors.com\/fi\/detached-house-vuosaari-helsinki\/","og_site_name":"Sina Interiors","article_publisher":"https:\/\/www.facebook.com\/p\/Sina-Interiors-61562000177545\/","article_modified_time":"2026-03-24T13:08:28+00:00","og_image":[{"url":"https:\/\/sinainteriors.com\/wp-content\/uploads\/2026\/01\/IMG_9445-1024x576.jpeg","type":"","width":"","height":""}],"twitter_card":"summary_large_image","twitter_misc":{"Arvioitu lukuaika":"2 minuuttia"},"schema":{"@context":"https:\/\/schema.org","@graph":[{"@type":"WebPage","@id":"https:\/\/sinainteriors.com\/detached-house-vuosaari-helsinki\/","url":"https:\/\/sinainteriors.com\/detached-house-vuosaari-helsinki\/","name":"Detached House Vuosaari - Helsinki - Sina Interiors","isPartOf":{"@id":"https:\/\/sinainteriors.com\/#website"},"primaryImageOfPage":{"@id":"https:\/\/sinainteriors.com\/detached-house-vuosaari-helsinki\/#primaryimage"},"image":{"@id":"https:\/\/sinainteriors.com\/detached-house-vuosaari-helsinki\/#primaryimage"},"thumbnailUrl":"https:\/\/sinainteriors.com\/wp-content\/uploads\/2026\/01\/IMG_9445-1024x576.jpeg","datePublished":"2026-02-21T16:01:16+00:00","dateModified":"2026-03-24T13:08:28+00:00","description":"Step inside our detached house project in Vuosaari, Helsinki. Discover how we used bold colors and romantic textures to create a daring, home.","breadcrumb":{"@id":"https:\/\/sinainteriors.com\/detached-house-vuosaari-helsinki\/#breadcrumb"},"inLanguage":"fi","potentialAction":[{"@type":"ReadAction","target":["https:\/\/sinainteriors.com\/detached-house-vuosaari-helsinki\/"]}]},{"@type":"ImageObject","inLanguage":"fi","@id":"https:\/\/sinainteriors.com\/detached-house-vuosaari-helsinki\/#primaryimage","url":"https:\/\/sinainteriors.com\/wp-content\/uploads\/2026\/01\/IMG_9445-1024x576.jpeg","contentUrl":"https:\/\/sinainteriors.com\/wp-content\/uploads\/2026\/01\/IMG_9445-1024x576.jpeg"},{"@type":"BreadcrumbList","@id":"https:\/\/sinainteriors.com\/detached-house-vuosaari-helsinki\/#breadcrumb","itemListElement":[{"@type":"ListItem","position":1,"name":"Home","item":"https:\/\/sinainteriors.com\/"},{"@type":"ListItem","position":2,"name":"Detached House Vuosaari &#8211; Helsinki"}]},{"@type":"WebSite","@id":"https:\/\/sinainteriors.com\/#website","url":"https:\/\/sinainteriors.com\/","name":"Sina Interiors","description":"Helsinki-Based Interior Design Studio | Interior Designer in Helsinki","publisher":{"@id":"https:\/\/sinainteriors.com\/#organization"},"alternateName":"Sinainteriors","potentialAction":[{"@type":"SearchAction","target":{"@type":"EntryPoint","urlTemplate":"https:\/\/sinainteriors.com\/?s={search_term_string}"},"query-input":{"@type":"PropertyValueSpecification","valueRequired":true,"valueName":"search_term_string"}}],"inLanguage":"fi"},{"@type":"Organization","@id":"https:\/\/sinainteriors.com\/#organization","name":"Sina Interiors","url":"https:\/\/sinainteriors.com\/","logo":{"@type":"ImageObject","inLanguage":"fi","@id":"https:\/\/sinainteriors.com\/#\/schema\/logo\/image\/","url":"https:\/\/sinainteriors.com\/wp-content\/uploads\/2026\/03\/image-removebg-preview136.png","contentUrl":"https:\/\/sinainteriors.com\/wp-content\/uploads\/2026\/03\/image-removebg-preview136.png","width":234,"height":176,"caption":"Sina Interiors"},"image":{"@id":"https:\/\/sinainteriors.com\/#\/schema\/logo\/image\/"},"sameAs":["https:\/\/www.facebook.com\/p\/Sina-Interiors-61562000177545\/","https:\/\/www.instagram.com\/sina.interiors\/"]}]}},"_hostinger_reach_plugin_has_subscription_block":false,"_hostinger_reach_plugin_is_elementor":false,"_links":{"self":[{"href":"https:\/\/sinainteriors.com\/fi\/wp-json\/wp\/v2\/pages\/591","targetHints":{"allow":["GET"]}}],"collection":[{"href":"https:\/\/sinainteriors.com\/fi\/wp-json\/wp\/v2\/pages"}],"about":[{"href":"https:\/\/sinainteriors.com\/fi\/wp-json\/wp\/v2\/types\/page"}],"author":[{"embeddable":true,"href":"https:\/\/sinainteriors.com\/fi\/wp-json\/wp\/v2\/users\/1"}],"replies":[{"embeddable":true,"href":"https:\/\/sinainteriors.com\/fi\/wp-json\/wp\/v2\/comments?post=591"}],"version-history":[{"count":8,"href":"https:\/\/sinainteriors.com\/fi\/wp-json\/wp\/v2\/pages\/591\/revisions"}],"predecessor-version":[{"id":698,"href":"https:\/\/sinainteriors.com\/fi\/wp-json\/wp\/v2\/pages\/591\/revisions\/698"}],"wp:attachment":[{"href":"https:\/\/sinainteriors.com\/fi\/wp-json\/wp\/v2\/media?parent=591"}],"curies":[{"name":"wp","href":"https:\/\/api.w.org\/{rel}","templated":true}]}}