{"id":67,"date":"2026-01-16T17:56:09","date_gmt":"2026-01-16T17:56:09","guid":{"rendered":"https:\/\/sinainteriors.com\/?page_id=67"},"modified":"2026-02-21T19:29:07","modified_gmt":"2026-02-21T19:29:07","slug":"services","status":"publish","type":"page","link":"https:\/\/sinainteriors.com\/fi\/services\/","title":{"rendered":"Palvelut"},"content":{"rendered":"<div data-elementor-type=\"wp-page\" data-elementor-id=\"67\" class=\"elementor elementor-67\">\n\t\t\t\t<div class=\"elementor-element elementor-element-a0e04fe e-flex e-con-boxed e-con e-parent\" data-id=\"a0e04fe\" data-element_type=\"container\" data-settings=\"{&quot;background_background&quot;:&quot;classic&quot;}\">\n\t\t\t\t\t<div class=\"e-con-inner\">\n\t\t\t\t<div class=\"elementor-element elementor-element-5aea4a0 elementor-widget elementor-widget-spacer\" data-id=\"5aea4a0\" data-element_type=\"widget\" data-widget_type=\"spacer.default\">\n\t\t\t\t\t\t\t<div class=\"elementor-spacer\">\n\t\t\t<div class=\"elementor-spacer-inner\"><\/div>\n\t\t<\/div>\n\t\t\t\t\t\t<\/div>\n\t\t\t\t<div class=\"elementor-element elementor-element-036d9ac elementor-widget elementor-widget-heading\" data-id=\"036d9ac\" data-element_type=\"widget\" data-widget_type=\"heading.default\">\n\t\t\t\t\t<h2 class=\"elementor-heading-title elementor-size-default\">Palvelut<\/h2>\t\t\t\t<\/div>\n\t\t\t\t\t<\/div>\n\t\t\t\t<\/div>\n\t\t<div class=\"elementor-element elementor-element-36d387d e-flex e-con-boxed e-con e-parent\" data-id=\"36d387d\" data-element_type=\"container\" data-settings=\"{&quot;background_background&quot;:&quot;classic&quot;}\">\n\t\t\t\t\t<div class=\"e-con-inner\">\n\t\t<div class=\"elementor-element elementor-element-142f96e e-con-full e-flex e-con e-child\" data-id=\"142f96e\" data-element_type=\"container\">\n\t\t\t\t<div class=\"elementor-element elementor-element-e7589bf ekit-equal-height-enable elementor-widget elementor-widget-elementskit-image-box\" data-id=\"e7589bf\" data-element_type=\"widget\" data-widget_type=\"elementskit-image-box.default\">\n\t\t\t\t\t<div class=\"ekit-wid-con\" >\n            <div class=\"elementskit-info-image-box ekit-image-box text-center simple-card\" >\n\n                \n                <div class=\"elementskit-box-header image-box-img-center\">\n\n                    <img fetchpriority=\"high\" decoding=\"async\" width=\"1920\" height=\"1080\" src=\"https:\/\/sinainteriors.com\/wp-content\/uploads\/2026\/01\/IMG_20250502_105752__01__01-scaled-e1771690466912.webp\" class=\"attachment-full size-full wp-image-442\" alt=\"\" srcset=\"https:\/\/sinainteriors.com\/wp-content\/uploads\/2026\/01\/IMG_20250502_105752__01__01-scaled-e1771690466912.webp 1920w, https:\/\/sinainteriors.com\/wp-content\/uploads\/2026\/01\/IMG_20250502_105752__01__01-scaled-e1771690466912-300x169.webp 300w, https:\/\/sinainteriors.com\/wp-content\/uploads\/2026\/01\/IMG_20250502_105752__01__01-scaled-e1771690466912-1024x576.webp 1024w, https:\/\/sinainteriors.com\/wp-content\/uploads\/2026\/01\/IMG_20250502_105752__01__01-scaled-e1771690466912-768x432.webp 768w, https:\/\/sinainteriors.com\/wp-content\/uploads\/2026\/01\/IMG_20250502_105752__01__01-scaled-e1771690466912-1536x864.webp 1536w, https:\/\/sinainteriors.com\/wp-content\/uploads\/2026\/01\/IMG_20250502_105752__01__01-scaled-e1771690466912-18x10.webp 18w\" sizes=\"(max-width: 1920px) 100vw, 1920px\" \/>\n                <\/div>\n                \n                <div class=\"elementskit-box-body ekit-image-box-body\">\n                    <div class=\"elementskit-box-content ekit-image-box-body-inner\">\n                                                <h3 class=\"elementskit-info-box-title\">\n\n                        Kaupallinen projekti\n                        \n                    <\/h3>\n                                                            <div class=\"elementskit-box-style-content\">\n                        Majoitus- ja v\u00e4hitt\u00e4iskaupan yrityksille tilasi on hiljainen myyj\u00e4si. Suunnittelen sisustuksia, jotka kiehtovat asiakkaita, heijastavat br\u00e4ndisi persoonallisuutta ja optimoivat toiminnallisuuden \u2013 olitpa sitten avaamassa viihtyis\u00e4\u00e4 kahvilaa tai uudistamassa pient\u00e4 ty\u00f6tilaa.\n\n                    <\/div>\n                                    <\/div>\n\n                                <div class=\"elementskit-box-footer\">\n                    <div class=\"box-footer\">\n                        <div class=\"btn-wraper\">\n                                                            <a href=\"\/fi\/commercial-projects\/\" class=\"elementskit-btn whitespace--normal\">\n                                    Opi lis\u00e4\u00e4                                 <\/a>\n                                                    <\/div>\n                    <\/div>\n                <\/div>\n                            <\/div>\n            <\/div>\n    <\/div>\t\t\t\t<\/div>\n\t\t\t\t<\/div>\n\t\t<div class=\"elementor-element elementor-element-3dd9436 e-con-full e-flex e-con e-child\" data-id=\"3dd9436\" data-element_type=\"container\">\n\t\t\t\t<div class=\"elementor-element elementor-element-59ca419 ekit-equal-height-enable elementor-widget elementor-widget-elementskit-image-box\" data-id=\"59ca419\" data-element_type=\"widget\" data-widget_type=\"elementskit-image-box.default\">\n\t\t\t\t\t<div class=\"ekit-wid-con\" >\n            <div class=\"elementskit-info-image-box ekit-image-box text-center simple-card\" >\n\n                \n                <div class=\"elementskit-box-header image-box-img-center\">\n\n                    <img decoding=\"async\" width=\"1500\" height=\"844\" src=\"https:\/\/sinainteriors.com\/wp-content\/uploads\/2026\/01\/Merdis11.webp\" class=\"attachment-full size-full wp-image-118\" alt=\"\" srcset=\"https:\/\/sinainteriors.com\/wp-content\/uploads\/2026\/01\/Merdis11.webp 1500w, https:\/\/sinainteriors.com\/wp-content\/uploads\/2026\/01\/Merdis11-300x169.webp 300w, https:\/\/sinainteriors.com\/wp-content\/uploads\/2026\/01\/Merdis11-1024x576.webp 1024w, https:\/\/sinainteriors.com\/wp-content\/uploads\/2026\/01\/Merdis11-768x432.webp 768w\" sizes=\"(max-width: 1500px) 100vw, 1500px\" \/>\n                <\/div>\n                \n                <div class=\"elementskit-box-body ekit-image-box-body\">\n                    <div class=\"elementskit-box-content ekit-image-box-body-inner\">\n                                                <h3 class=\"elementskit-info-box-title\">\n\n                        Asuinprojektit\n                        \n                    <\/h3>\n                                                            <div class=\"elementskit-box-style-content\">\n                        Kotisi tulisi kertoa tarinasi. Olen erikoistunut eloisiin, globaalisti inspiroituneisiin sisustuksiin ulkomaalaisille ja paikallisille, jotka kaipaavat eloisia tiloja \u2013 olipa kyseess\u00e4 sitten viihtyis\u00e4 helsinkil\u00e4inen asunto tai maaseudun vet\u00e4ytymispaikka. Irtaudutaan tylsist\u00e4 valkoisista laatikoista ja suunnitellaan koti, joka todella tuntuu sinulta.\n\n                    <\/div>\n                                    <\/div>\n\n                                <div class=\"elementskit-box-footer\">\n                    <div class=\"box-footer\">\n                        <div class=\"btn-wraper\">\n                                                            <a href=\"\/fi\/residential-projects\/\" class=\"elementskit-btn whitespace--normal\">\n                                    Opi lis\u00e4\u00e4                                 <\/a>\n                                                    <\/div>\n                    <\/div>\n                <\/div>\n                            <\/div>\n            <\/div>\n    <\/div>\t\t\t\t<\/div>\n\t\t\t\t<\/div>\n\t\t\t\t\t<\/div>\n\t\t\t\t<\/div>\n\t\t<div class=\"elementor-element elementor-element-9848086 e-flex e-con-boxed e-con e-parent\" data-id=\"9848086\" data-element_type=\"container\" data-settings=\"{&quot;background_background&quot;:&quot;classic&quot;}\">\n\t\t\t\t\t<div class=\"e-con-inner\">\n\t\t\t\t<div class=\"elementor-element elementor-element-2410e05 elementor-align-center elementor-widget elementor-widget-button\" data-id=\"2410e05\" data-element_type=\"widget\" data-widget_type=\"button.default\">\n\t\t\t\t\t\t\t\t\t\t<a class=\"elementor-button elementor-button-link elementor-size-sm\" href=\"\/fi\/contact\/\">\n\t\t\t\t\t\t<span class=\"elementor-button-content-wrapper\">\n\t\t\t\t\t\t\t\t\t<span class=\"elementor-button-text\">Varaa konsultaatio<\/span>\n\t\t\t\t\t<\/span>\n\t\t\t\t\t<\/a>\n\t\t\t\t\t\t\t\t<\/div>\n\t\t\t\t\t<\/div>\n\t\t\t\t<\/div>\n\t\t\t\t<\/div>","protected":false},"excerpt":{"rendered":"<p>Services Commerical Projects For hospitality and retail businesses, your space is your silent salesperson. I design interiors that captivate customers, reflect your brand\u2019s personality, and optimize functionality\u2014whether you\u2019re opening a cozy caf\u00e9 or revamping a boutique workspace. Learn more Residential Projects Your home should tell your story. I specialize in vibrant, globally inspired interiors for [&hellip;]<\/p>","protected":false},"author":1,"featured_media":0,"parent":0,"menu_order":0,"comment_status":"closed","ping_status":"closed","template":"elementor_header_footer","meta":{"footnotes":""},"class_list":["post-67","page","type-page","status-publish","hentry"],"yoast_head":"<!-- This site is optimized with the Yoast SEO plugin v27.2 - https:\/\/yoast.com\/product\/yoast-seo-wordpress\/ -->\n<title>Services - Sina Interiors<\/title>\n<meta name=\"robots\" content=\"index, follow, max-snippet:-1, max-image-preview:large, max-video-preview:-1\" \/>\n<link rel=\"canonical\" href=\"https:\/\/sinainteriors.com\/fi\/services\/\" \/>\n<meta property=\"og:locale\" content=\"fi_FI\" \/>\n<meta property=\"og:type\" content=\"article\" \/>\n<meta property=\"og:title\" content=\"Services - Sina Interiors\" \/>\n<meta property=\"og:description\" content=\"Services Commerical Projects For hospitality and retail businesses, your space is your silent salesperson. I design interiors that captivate customers, reflect your brand\u2019s personality, and optimize functionality\u2014whether you\u2019re opening a cozy caf\u00e9 or revamping a boutique workspace. Learn more Residential Projects Your home should tell your story. I specialize in vibrant, globally inspired interiors for [&hellip;]\" \/>\n<meta property=\"og:url\" content=\"https:\/\/sinainteriors.com\/fi\/services\/\" \/>\n<meta property=\"og:site_name\" content=\"Sina Interiors\" \/>\n<meta property=\"article:publisher\" content=\"https:\/\/www.facebook.com\/p\/Sina-Interiors-61562000177545\/\" \/>\n<meta property=\"article:modified_time\" content=\"2026-02-21T19:29:07+00:00\" \/>\n<meta property=\"og:image\" content=\"https:\/\/sinainteriors.com\/wp-content\/uploads\/2026\/01\/IMG_20250502_105752__01__01-scaled-e1771690466912.webp\" \/>\n\t<meta property=\"og:image:width\" content=\"1920\" \/>\n\t<meta property=\"og:image:height\" content=\"1080\" \/>\n\t<meta property=\"og:image:type\" content=\"image\/webp\" \/>\n<meta name=\"twitter:card\" content=\"summary_large_image\" \/>\n<meta name=\"twitter:label1\" content=\"Arvioitu lukuaika\" \/>\n\t<meta name=\"twitter:data1\" content=\"1 minuutti\" \/>\n<script type=\"application\/ld+json\" class=\"yoast-schema-graph\">{\"@context\":\"https:\/\/schema.org\",\"@graph\":[{\"@type\":\"WebPage\",\"@id\":\"https:\/\/sinainteriors.com\/services\/\",\"url\":\"https:\/\/sinainteriors.com\/services\/\",\"name\":\"Services - Sina Interiors\",\"isPartOf\":{\"@id\":\"https:\/\/sinainteriors.com\/#website\"},\"primaryImageOfPage\":{\"@id\":\"https:\/\/sinainteriors.com\/services\/#primaryimage\"},\"image\":{\"@id\":\"https:\/\/sinainteriors.com\/services\/#primaryimage\"},\"thumbnailUrl\":\"https:\/\/sinainteriors.com\/wp-content\/uploads\/2026\/01\/IMG_20250502_105752__01__01-scaled-e1771690466912.webp\",\"datePublished\":\"2026-01-16T17:56:09+00:00\",\"dateModified\":\"2026-02-21T19:29:07+00:00\",\"breadcrumb\":{\"@id\":\"https:\/\/sinainteriors.com\/services\/#breadcrumb\"},\"inLanguage\":\"fi\",\"potentialAction\":[{\"@type\":\"ReadAction\",\"target\":[\"https:\/\/sinainteriors.com\/services\/\"]}]},{\"@type\":\"ImageObject\",\"inLanguage\":\"fi\",\"@id\":\"https:\/\/sinainteriors.com\/services\/#primaryimage\",\"url\":\"https:\/\/sinainteriors.com\/wp-content\/uploads\/2026\/01\/IMG_20250502_105752__01__01-scaled-e1771690466912.webp\",\"contentUrl\":\"https:\/\/sinainteriors.com\/wp-content\/uploads\/2026\/01\/IMG_20250502_105752__01__01-scaled-e1771690466912.webp\"},{\"@type\":\"BreadcrumbList\",\"@id\":\"https:\/\/sinainteriors.com\/services\/#breadcrumb\",\"itemListElement\":[{\"@type\":\"ListItem\",\"position\":1,\"name\":\"Home\",\"item\":\"https:\/\/sinainteriors.com\/\"},{\"@type\":\"ListItem\",\"position\":2,\"name\":\"Services\"}]},{\"@type\":\"WebSite\",\"@id\":\"https:\/\/sinainteriors.com\/#website\",\"url\":\"https:\/\/sinainteriors.com\/\",\"name\":\"Sina Interiors\",\"description\":\"Helsinki-Based Interior Design Studio | Interior Designer in Helsinki\",\"publisher\":{\"@id\":\"https:\/\/sinainteriors.com\/#organization\"},\"alternateName\":\"Sinainteriors\",\"potentialAction\":[{\"@type\":\"SearchAction\",\"target\":{\"@type\":\"EntryPoint\",\"urlTemplate\":\"https:\/\/sinainteriors.com\/?s={search_term_string}\"},\"query-input\":{\"@type\":\"PropertyValueSpecification\",\"valueRequired\":true,\"valueName\":\"search_term_string\"}}],\"inLanguage\":\"fi\"},{\"@type\":\"Organization\",\"@id\":\"https:\/\/sinainteriors.com\/#organization\",\"name\":\"Sina Interiors\",\"url\":\"https:\/\/sinainteriors.com\/\",\"logo\":{\"@type\":\"ImageObject\",\"inLanguage\":\"fi\",\"@id\":\"https:\/\/sinainteriors.com\/#\/schema\/logo\/image\/\",\"url\":\"https:\/\/sinainteriors.com\/wp-content\/uploads\/2026\/03\/image-removebg-preview136.png\",\"contentUrl\":\"https:\/\/sinainteriors.com\/wp-content\/uploads\/2026\/03\/image-removebg-preview136.png\",\"width\":234,\"height\":176,\"caption\":\"Sina Interiors\"},\"image\":{\"@id\":\"https:\/\/sinainteriors.com\/#\/schema\/logo\/image\/\"},\"sameAs\":[\"https:\/\/www.facebook.com\/p\/Sina-Interiors-61562000177545\/\",\"https:\/\/www.instagram.com\/sina.interiors\/\"]}]}<\/script>\n<!-- \/ Yoast SEO plugin. -->","yoast_head_json":{"title":"Services - Sina Interiors","robots":{"index":"index","follow":"follow","max-snippet":"max-snippet:-1","max-image-preview":"max-image-preview:large","max-video-preview":"max-video-preview:-1"},"canonical":"https:\/\/sinainteriors.com\/fi\/services\/","og_locale":"fi_FI","og_type":"article","og_title":"Services - Sina Interiors","og_description":"Services Commerical Projects For hospitality and retail businesses, your space is your silent salesperson. I design interiors that captivate customers, reflect your brand\u2019s personality, and optimize functionality\u2014whether you\u2019re opening a cozy caf\u00e9 or revamping a boutique workspace. Learn more Residential Projects Your home should tell your story. I specialize in vibrant, globally inspired interiors for [&hellip;]","og_url":"https:\/\/sinainteriors.com\/fi\/services\/","og_site_name":"Sina Interiors","article_publisher":"https:\/\/www.facebook.com\/p\/Sina-Interiors-61562000177545\/","article_modified_time":"2026-02-21T19:29:07+00:00","og_image":[{"width":1920,"height":1080,"url":"https:\/\/sinainteriors.com\/wp-content\/uploads\/2026\/01\/IMG_20250502_105752__01__01-scaled-e1771690466912.webp","type":"image\/webp"}],"twitter_card":"summary_large_image","twitter_misc":{"Arvioitu lukuaika":"1 minuutti"},"schema":{"@context":"https:\/\/schema.org","@graph":[{"@type":"WebPage","@id":"https:\/\/sinainteriors.com\/services\/","url":"https:\/\/sinainteriors.com\/services\/","name":"Services - Sina Interiors","isPartOf":{"@id":"https:\/\/sinainteriors.com\/#website"},"primaryImageOfPage":{"@id":"https:\/\/sinainteriors.com\/services\/#primaryimage"},"image":{"@id":"https:\/\/sinainteriors.com\/services\/#primaryimage"},"thumbnailUrl":"https:\/\/sinainteriors.com\/wp-content\/uploads\/2026\/01\/IMG_20250502_105752__01__01-scaled-e1771690466912.webp","datePublished":"2026-01-16T17:56:09+00:00","dateModified":"2026-02-21T19:29:07+00:00","breadcrumb":{"@id":"https:\/\/sinainteriors.com\/services\/#breadcrumb"},"inLanguage":"fi","potentialAction":[{"@type":"ReadAction","target":["https:\/\/sinainteriors.com\/services\/"]}]},{"@type":"ImageObject","inLanguage":"fi","@id":"https:\/\/sinainteriors.com\/services\/#primaryimage","url":"https:\/\/sinainteriors.com\/wp-content\/uploads\/2026\/01\/IMG_20250502_105752__01__01-scaled-e1771690466912.webp","contentUrl":"https:\/\/sinainteriors.com\/wp-content\/uploads\/2026\/01\/IMG_20250502_105752__01__01-scaled-e1771690466912.webp"},{"@type":"BreadcrumbList","@id":"https:\/\/sinainteriors.com\/services\/#breadcrumb","itemListElement":[{"@type":"ListItem","position":1,"name":"Home","item":"https:\/\/sinainteriors.com\/"},{"@type":"ListItem","position":2,"name":"Services"}]},{"@type":"WebSite","@id":"https:\/\/sinainteriors.com\/#website","url":"https:\/\/sinainteriors.com\/","name":"Sina Interiors","description":"Helsinki-Based Interior Design Studio | Interior Designer in Helsinki","publisher":{"@id":"https:\/\/sinainteriors.com\/#organization"},"alternateName":"Sinainteriors","potentialAction":[{"@type":"SearchAction","target":{"@type":"EntryPoint","urlTemplate":"https:\/\/sinainteriors.com\/?s={search_term_string}"},"query-input":{"@type":"PropertyValueSpecification","valueRequired":true,"valueName":"search_term_string"}}],"inLanguage":"fi"},{"@type":"Organization","@id":"https:\/\/sinainteriors.com\/#organization","name":"Sina Interiors","url":"https:\/\/sinainteriors.com\/","logo":{"@type":"ImageObject","inLanguage":"fi","@id":"https:\/\/sinainteriors.com\/#\/schema\/logo\/image\/","url":"https:\/\/sinainteriors.com\/wp-content\/uploads\/2026\/03\/image-removebg-preview136.png","contentUrl":"https:\/\/sinainteriors.com\/wp-content\/uploads\/2026\/03\/image-removebg-preview136.png","width":234,"height":176,"caption":"Sina Interiors"},"image":{"@id":"https:\/\/sinainteriors.com\/#\/schema\/logo\/image\/"},"sameAs":["https:\/\/www.facebook.com\/p\/Sina-Interiors-61562000177545\/","https:\/\/www.instagram.com\/sina.interiors\/"]}]}},"_hostinger_reach_plugin_has_subscription_block":false,"_hostinger_reach_plugin_is_elementor":false,"_links":{"self":[{"href":"https:\/\/sinainteriors.com\/fi\/wp-json\/wp\/v2\/pages\/67","targetHints":{"allow":["GET"]}}],"collection":[{"href":"https:\/\/sinainteriors.com\/fi\/wp-json\/wp\/v2\/pages"}],"about":[{"href":"https:\/\/sinainteriors.com\/fi\/wp-json\/wp\/v2\/types\/page"}],"author":[{"embeddable":true,"href":"https:\/\/sinainteriors.com\/fi\/wp-json\/wp\/v2\/users\/1"}],"replies":[{"embeddable":true,"href":"https:\/\/sinainteriors.com\/fi\/wp-json\/wp\/v2\/comments?post=67"}],"version-history":[{"count":19,"href":"https:\/\/sinainteriors.com\/fi\/wp-json\/wp\/v2\/pages\/67\/revisions"}],"predecessor-version":[{"id":650,"href":"https:\/\/sinainteriors.com\/fi\/wp-json\/wp\/v2\/pages\/67\/revisions\/650"}],"wp:attachment":[{"href":"https:\/\/sinainteriors.com\/fi\/wp-json\/wp\/v2\/media?parent=67"}],"curies":[{"name":"wp","href":"https:\/\/api.w.org\/{rel}","templated":true}]}}