{"id":673,"date":"2026-02-24T09:51:11","date_gmt":"2026-02-24T09:51:11","guid":{"rendered":"https:\/\/sinainteriors.com\/?page_id=673"},"modified":"2026-03-24T13:12:19","modified_gmt":"2026-03-24T13:12:19","slug":"matcha-cafe-design-helsinki","status":"publish","type":"page","link":"https:\/\/sinainteriors.com\/fi\/matcha-cafe-design-helsinki\/","title":{"rendered":"Matcha cafe design &#8211; Helsinki"},"content":{"rendered":"<div data-elementor-type=\"wp-page\" data-elementor-id=\"673\" class=\"elementor elementor-673\">\n\t\t\t\t<div class=\"elementor-element elementor-element-61940e3a e-con-full e-flex e-con e-parent\" data-id=\"61940e3a\" data-element_type=\"container\">\n\t\t<div class=\"elementor-element elementor-element-5829d23 e-con-full e-flex e-con e-child\" data-id=\"5829d23\" data-element_type=\"container\">\n\t\t\t\t<div class=\"elementor-element elementor-element-6c3704e3 elementor-widget__width-initial elementor-widget elementor-widget-image\" data-id=\"6c3704e3\" data-element_type=\"widget\" data-widget_type=\"image.default\">\n\t\t\t\t\t\t\t\t\t\t\t\t\t\t\t<img fetchpriority=\"high\" decoding=\"async\" width=\"800\" height=\"765\" src=\"https:\/\/sinainteriors.com\/wp-content\/uploads\/2026\/02\/cafeexterior.webp\" class=\"attachment-large size-large wp-image-675\" alt=\"\" srcset=\"https:\/\/sinainteriors.com\/wp-content\/uploads\/2026\/02\/cafeexterior.webp 937w, https:\/\/sinainteriors.com\/wp-content\/uploads\/2026\/02\/cafeexterior-300x287.webp 300w, https:\/\/sinainteriors.com\/wp-content\/uploads\/2026\/02\/cafeexterior-768x734.webp 768w, https:\/\/sinainteriors.com\/wp-content\/uploads\/2026\/02\/cafeexterior-13x12.webp 13w\" sizes=\"(max-width: 800px) 100vw, 800px\" \/>\t\t\t\t\t\t\t\t\t\t\t\t\t\t\t<\/div>\n\t\t\t\t<\/div>\n\t\t\t\t<div class=\"elementor-element elementor-element-5b35b9e6 elementor-widget elementor-widget-text-editor\" data-id=\"5b35b9e6\" data-element_type=\"widget\" data-widget_type=\"text-editor.default\">\n\t\t\t\t\t\t\t\t\t<p>Uuden teekaupan omistajat halusivat avata myym\u00e4l\u00e4ns\u00e4 Helsinkiin ja luoda minimaalisen, wabi-sabi-vaikutteisen tilan palvellakseen asiakkailleen vihre\u00e4\u00e4n teehen perustuvia tuotteita. Tuloksena on tunnelmallinen sisustus, jossa k\u00e4ytet\u00e4\u00e4n materiaaleja, kuten tiili\u00e4, kipsi\u00e4, puuta ja metallia, korostamaan luonnollisia tekstuureja, mik\u00e4 heijastaa tuotteidensa olemusta.<\/p><p>\u00a0<\/p><p><!-- \/wp:image --><\/p>\t\t\t\t\t\t\t\t<\/div>\n\t\t\t\t<\/div>\n\t\t<div class=\"elementor-element elementor-element-3f12628b e-con-full e-flex e-con e-parent\" data-id=\"3f12628b\" data-element_type=\"container\">\n\t\t<div class=\"elementor-element elementor-element-2dc0c23d e-con-full e-flex e-con e-child\" data-id=\"2dc0c23d\" data-element_type=\"container\">\n\t\t\t\t<div class=\"elementor-element elementor-element-660955b9 elementor-widget elementor-widget-image\" data-id=\"660955b9\" data-element_type=\"widget\" data-widget_type=\"image.default\">\n\t\t\t\t\t\t\t\t\t\t\t\t\t\t\t<img decoding=\"async\" width=\"2500\" height=\"2500\" src=\"https:\/\/sinainteriors.com\/wp-content\/uploads\/2026\/02\/front-desk.webp\" class=\"attachment-full size-full wp-image-676\" alt=\"\" srcset=\"https:\/\/sinainteriors.com\/wp-content\/uploads\/2026\/02\/front-desk.webp 2500w, https:\/\/sinainteriors.com\/wp-content\/uploads\/2026\/02\/front-desk-300x300.webp 300w, https:\/\/sinainteriors.com\/wp-content\/uploads\/2026\/02\/front-desk-1024x1024.webp 1024w, https:\/\/sinainteriors.com\/wp-content\/uploads\/2026\/02\/front-desk-150x150.webp 150w, https:\/\/sinainteriors.com\/wp-content\/uploads\/2026\/02\/front-desk-768x768.webp 768w, https:\/\/sinainteriors.com\/wp-content\/uploads\/2026\/02\/front-desk-1536x1536.webp 1536w, https:\/\/sinainteriors.com\/wp-content\/uploads\/2026\/02\/front-desk-2048x2048.webp 2048w, https:\/\/sinainteriors.com\/wp-content\/uploads\/2026\/02\/front-desk-12x12.webp 12w\" sizes=\"(max-width: 2500px) 100vw, 2500px\" \/>\t\t\t\t\t\t\t\t\t\t\t\t\t\t\t<\/div>\n\t\t\t\t<\/div>\n\t\t<div class=\"elementor-element elementor-element-75ac542e e-flex e-con-boxed e-con e-child\" data-id=\"75ac542e\" data-element_type=\"container\">\n\t\t\t\t\t<div class=\"e-con-inner\">\n\t\t\t\t<div class=\"elementor-element elementor-element-5b11255a elementor-widget elementor-widget-image\" data-id=\"5b11255a\" data-element_type=\"widget\" data-widget_type=\"image.default\">\n\t\t\t\t\t\t\t\t\t\t\t\t\t\t\t<img decoding=\"async\" src=\"https:\/\/sinainteriors.com\/wp-content\/uploads\/2026\/02\/sideview2.webp\" title=\"side+view+2\" alt=\"side+view+2\" loading=\"lazy\" \/>\t\t\t\t\t\t\t\t\t\t\t\t\t\t\t<\/div>\n\t\t\t\t\t<\/div>\n\t\t\t\t<\/div>\n\t\t\t\t<\/div>\n\t\t<div class=\"elementor-element elementor-element-19c05729 e-con-full e-flex e-con e-parent\" data-id=\"19c05729\" data-element_type=\"container\">\n\t\t<div class=\"elementor-element elementor-element-27e4c4d1 e-con-full e-flex e-con e-child\" data-id=\"27e4c4d1\" data-element_type=\"container\">\n\t\t\t\t<div class=\"elementor-element elementor-element-6db418d0 elementor-widget elementor-widget-image\" data-id=\"6db418d0\" data-element_type=\"widget\" data-widget_type=\"image.default\">\n\t\t\t\t\t\t\t\t\t\t\t\t\t\t\t<img decoding=\"async\" width=\"2368\" height=\"1728\" src=\"https:\/\/sinainteriors.com\/wp-content\/uploads\/2026\/02\/barlongview.webp\" class=\"attachment-full size-full wp-image-678\" alt=\"\" srcset=\"https:\/\/sinainteriors.com\/wp-content\/uploads\/2026\/02\/barlongview.webp 2368w, https:\/\/sinainteriors.com\/wp-content\/uploads\/2026\/02\/barlongview-300x219.webp 300w, https:\/\/sinainteriors.com\/wp-content\/uploads\/2026\/02\/barlongview-1024x747.webp 1024w, https:\/\/sinainteriors.com\/wp-content\/uploads\/2026\/02\/barlongview-768x560.webp 768w, https:\/\/sinainteriors.com\/wp-content\/uploads\/2026\/02\/barlongview-1536x1121.webp 1536w, https:\/\/sinainteriors.com\/wp-content\/uploads\/2026\/02\/barlongview-2048x1494.webp 2048w, https:\/\/sinainteriors.com\/wp-content\/uploads\/2026\/02\/barlongview-16x12.webp 16w\" sizes=\"(max-width: 2368px) 100vw, 2368px\" \/>\t\t\t\t\t\t\t\t\t\t\t\t\t\t\t<\/div>\n\t\t\t\t<\/div>\n\t\t\t\t<\/div>\n\t\t<div class=\"elementor-element elementor-element-ec0be9e e-con-full e-flex e-con e-parent\" data-id=\"ec0be9e\" data-element_type=\"container\">\n\t\t<div class=\"elementor-element elementor-element-a490298 e-con-full e-flex e-con e-child\" data-id=\"a490298\" data-element_type=\"container\">\n\t\t\t\t<div class=\"elementor-element elementor-element-97ef950 elementor-widget elementor-widget-image\" data-id=\"97ef950\" data-element_type=\"widget\" data-widget_type=\"image.default\">\n\t\t\t\t\t\t\t\t\t\t\t\t\t\t\t<img loading=\"lazy\" decoding=\"async\" width=\"2048\" height=\"1480\" src=\"https:\/\/sinainteriors.com\/wp-content\/uploads\/2026\/02\/longshot-e1771926708747.webp\" class=\"attachment-full size-full wp-image-679\" alt=\"\" srcset=\"https:\/\/sinainteriors.com\/wp-content\/uploads\/2026\/02\/longshot-e1771926708747.webp 2048w, https:\/\/sinainteriors.com\/wp-content\/uploads\/2026\/02\/longshot-e1771926708747-300x217.webp 300w, https:\/\/sinainteriors.com\/wp-content\/uploads\/2026\/02\/longshot-e1771926708747-1024x740.webp 1024w, https:\/\/sinainteriors.com\/wp-content\/uploads\/2026\/02\/longshot-e1771926708747-768x555.webp 768w, https:\/\/sinainteriors.com\/wp-content\/uploads\/2026\/02\/longshot-e1771926708747-1536x1110.webp 1536w, https:\/\/sinainteriors.com\/wp-content\/uploads\/2026\/02\/longshot-e1771926708747-18x12.webp 18w\" sizes=\"(max-width: 2048px) 100vw, 2048px\" \/>\t\t\t\t\t\t\t\t\t\t\t\t\t\t\t<\/div>\n\t\t\t\t<\/div>\n\t\t\t\t<\/div>\n\t\t\t\t<\/div>","protected":false},"excerpt":{"rendered":"<p>Uuden teekaupan omistajat halusivat avata myym\u00e4l\u00e4ns\u00e4 Helsinkiin ja luoda minimaalisen, wabi-sabi-vaikutteisen tilan palvellakseen asiakkailleen vihre\u00e4\u00e4n teehen perustuvia tuotteita. Tuloksena on tunnelmallinen sisustus, jossa k\u00e4ytet\u00e4\u00e4n materiaaleja, kuten tiili\u00e4, kipsi\u00e4, puuta ja metallia, korostamaan luonnollisia tekstuureja, mik\u00e4 heijastaa tuotteidensa olemusta. \u00a0<\/p>","protected":false},"author":1,"featured_media":0,"parent":0,"menu_order":0,"comment_status":"closed","ping_status":"closed","template":"","meta":{"footnotes":""},"class_list":["post-673","page","type-page","status-publish","hentry"],"yoast_head":"<!-- This site is optimized with the Yoast SEO plugin v27.2 - https:\/\/yoast.com\/product\/yoast-seo-wordpress\/ -->\n<title>Matcha cafe design - Helsinki - Sina Interiors<\/title>\n<meta name=\"description\" content=\"Experience a soulful escape from the city. Matcha tea shop in Helsinki is a wabi-sabi style inspired tea shop using daring interior design services.\" \/>\n<meta name=\"robots\" content=\"index, follow, max-snippet:-1, max-image-preview:large, max-video-preview:-1\" \/>\n<link rel=\"canonical\" href=\"https:\/\/sinainteriors.com\/fi\/matcha-cafe-design-helsinki\/\" \/>\n<meta property=\"og:locale\" content=\"fi_FI\" \/>\n<meta property=\"og:type\" content=\"article\" \/>\n<meta property=\"og:title\" content=\"Matcha cafe design - Helsinki - Sina Interiors\" \/>\n<meta property=\"og:description\" content=\"Experience a soulful escape from the city. Matcha tea shop in Helsinki is a wabi-sabi style inspired tea shop using daring interior design services.\" \/>\n<meta property=\"og:url\" content=\"https:\/\/sinainteriors.com\/fi\/matcha-cafe-design-helsinki\/\" \/>\n<meta property=\"og:site_name\" content=\"Sina Interiors\" \/>\n<meta property=\"article:publisher\" content=\"https:\/\/www.facebook.com\/p\/Sina-Interiors-61562000177545\/\" \/>\n<meta property=\"article:modified_time\" content=\"2026-03-24T13:12:19+00:00\" \/>\n<meta property=\"og:image\" content=\"https:\/\/sinainteriors.com\/wp-content\/uploads\/2026\/02\/cafeexterior.webp\" \/>\n<meta name=\"twitter:card\" content=\"summary_large_image\" \/>\n<meta name=\"twitter:label1\" content=\"Arvioitu lukuaika\" \/>\n\t<meta name=\"twitter:data1\" content=\"2 minuuttia\" \/>\n<script type=\"application\/ld+json\" class=\"yoast-schema-graph\">{\"@context\":\"https:\/\/schema.org\",\"@graph\":[{\"@type\":\"WebPage\",\"@id\":\"https:\/\/sinainteriors.com\/matcha-cafe-design-helsinki\/\",\"url\":\"https:\/\/sinainteriors.com\/matcha-cafe-design-helsinki\/\",\"name\":\"Matcha cafe design - Helsinki - Sina Interiors\",\"isPartOf\":{\"@id\":\"https:\/\/sinainteriors.com\/#website\"},\"primaryImageOfPage\":{\"@id\":\"https:\/\/sinainteriors.com\/matcha-cafe-design-helsinki\/#primaryimage\"},\"image\":{\"@id\":\"https:\/\/sinainteriors.com\/matcha-cafe-design-helsinki\/#primaryimage\"},\"thumbnailUrl\":\"https:\/\/sinainteriors.com\/wp-content\/uploads\/2026\/02\/cafeexterior.webp\",\"datePublished\":\"2026-02-24T09:51:11+00:00\",\"dateModified\":\"2026-03-24T13:12:19+00:00\",\"description\":\"Experience a soulful escape from the city. Matcha tea shop in Helsinki is a wabi-sabi style inspired tea shop using daring interior design services.\",\"breadcrumb\":{\"@id\":\"https:\/\/sinainteriors.com\/matcha-cafe-design-helsinki\/#breadcrumb\"},\"inLanguage\":\"fi\",\"potentialAction\":[{\"@type\":\"ReadAction\",\"target\":[\"https:\/\/sinainteriors.com\/matcha-cafe-design-helsinki\/\"]}]},{\"@type\":\"ImageObject\",\"inLanguage\":\"fi\",\"@id\":\"https:\/\/sinainteriors.com\/matcha-cafe-design-helsinki\/#primaryimage\",\"url\":\"https:\/\/sinainteriors.com\/wp-content\/uploads\/2026\/02\/cafeexterior.webp\",\"contentUrl\":\"https:\/\/sinainteriors.com\/wp-content\/uploads\/2026\/02\/cafeexterior.webp\"},{\"@type\":\"BreadcrumbList\",\"@id\":\"https:\/\/sinainteriors.com\/matcha-cafe-design-helsinki\/#breadcrumb\",\"itemListElement\":[{\"@type\":\"ListItem\",\"position\":1,\"name\":\"Home\",\"item\":\"https:\/\/sinainteriors.com\/\"},{\"@type\":\"ListItem\",\"position\":2,\"name\":\"Matcha cafe design &#8211; Helsinki\"}]},{\"@type\":\"WebSite\",\"@id\":\"https:\/\/sinainteriors.com\/#website\",\"url\":\"https:\/\/sinainteriors.com\/\",\"name\":\"Sina Interiors\",\"description\":\"Helsinki-Based Interior Design Studio | Interior Designer in Helsinki\",\"publisher\":{\"@id\":\"https:\/\/sinainteriors.com\/#organization\"},\"alternateName\":\"Sinainteriors\",\"potentialAction\":[{\"@type\":\"SearchAction\",\"target\":{\"@type\":\"EntryPoint\",\"urlTemplate\":\"https:\/\/sinainteriors.com\/?s={search_term_string}\"},\"query-input\":{\"@type\":\"PropertyValueSpecification\",\"valueRequired\":true,\"valueName\":\"search_term_string\"}}],\"inLanguage\":\"fi\"},{\"@type\":\"Organization\",\"@id\":\"https:\/\/sinainteriors.com\/#organization\",\"name\":\"Sina Interiors\",\"url\":\"https:\/\/sinainteriors.com\/\",\"logo\":{\"@type\":\"ImageObject\",\"inLanguage\":\"fi\",\"@id\":\"https:\/\/sinainteriors.com\/#\/schema\/logo\/image\/\",\"url\":\"https:\/\/sinainteriors.com\/wp-content\/uploads\/2026\/03\/image-removebg-preview136.png\",\"contentUrl\":\"https:\/\/sinainteriors.com\/wp-content\/uploads\/2026\/03\/image-removebg-preview136.png\",\"width\":234,\"height\":176,\"caption\":\"Sina Interiors\"},\"image\":{\"@id\":\"https:\/\/sinainteriors.com\/#\/schema\/logo\/image\/\"},\"sameAs\":[\"https:\/\/www.facebook.com\/p\/Sina-Interiors-61562000177545\/\",\"https:\/\/www.instagram.com\/sina.interiors\/\"]}]}<\/script>\n<!-- \/ Yoast SEO plugin. -->","yoast_head_json":{"title":"Matcha cafe design - Helsinki - Sina Interiors","description":"Experience a soulful escape from the city. Matcha tea shop in Helsinki is a wabi-sabi style inspired tea shop using daring interior design services.","robots":{"index":"index","follow":"follow","max-snippet":"max-snippet:-1","max-image-preview":"max-image-preview:large","max-video-preview":"max-video-preview:-1"},"canonical":"https:\/\/sinainteriors.com\/fi\/matcha-cafe-design-helsinki\/","og_locale":"fi_FI","og_type":"article","og_title":"Matcha cafe design - Helsinki - Sina Interiors","og_description":"Experience a soulful escape from the city. Matcha tea shop in Helsinki is a wabi-sabi style inspired tea shop using daring interior design services.","og_url":"https:\/\/sinainteriors.com\/fi\/matcha-cafe-design-helsinki\/","og_site_name":"Sina Interiors","article_publisher":"https:\/\/www.facebook.com\/p\/Sina-Interiors-61562000177545\/","article_modified_time":"2026-03-24T13:12:19+00:00","og_image":[{"url":"https:\/\/sinainteriors.com\/wp-content\/uploads\/2026\/02\/cafeexterior.webp","type":"","width":"","height":""}],"twitter_card":"summary_large_image","twitter_misc":{"Arvioitu lukuaika":"2 minuuttia"},"schema":{"@context":"https:\/\/schema.org","@graph":[{"@type":"WebPage","@id":"https:\/\/sinainteriors.com\/matcha-cafe-design-helsinki\/","url":"https:\/\/sinainteriors.com\/matcha-cafe-design-helsinki\/","name":"Matcha cafe design - Helsinki - Sina Interiors","isPartOf":{"@id":"https:\/\/sinainteriors.com\/#website"},"primaryImageOfPage":{"@id":"https:\/\/sinainteriors.com\/matcha-cafe-design-helsinki\/#primaryimage"},"image":{"@id":"https:\/\/sinainteriors.com\/matcha-cafe-design-helsinki\/#primaryimage"},"thumbnailUrl":"https:\/\/sinainteriors.com\/wp-content\/uploads\/2026\/02\/cafeexterior.webp","datePublished":"2026-02-24T09:51:11+00:00","dateModified":"2026-03-24T13:12:19+00:00","description":"Experience a soulful escape from the city. Matcha tea shop in Helsinki is a wabi-sabi style inspired tea shop using daring interior design services.","breadcrumb":{"@id":"https:\/\/sinainteriors.com\/matcha-cafe-design-helsinki\/#breadcrumb"},"inLanguage":"fi","potentialAction":[{"@type":"ReadAction","target":["https:\/\/sinainteriors.com\/matcha-cafe-design-helsinki\/"]}]},{"@type":"ImageObject","inLanguage":"fi","@id":"https:\/\/sinainteriors.com\/matcha-cafe-design-helsinki\/#primaryimage","url":"https:\/\/sinainteriors.com\/wp-content\/uploads\/2026\/02\/cafeexterior.webp","contentUrl":"https:\/\/sinainteriors.com\/wp-content\/uploads\/2026\/02\/cafeexterior.webp"},{"@type":"BreadcrumbList","@id":"https:\/\/sinainteriors.com\/matcha-cafe-design-helsinki\/#breadcrumb","itemListElement":[{"@type":"ListItem","position":1,"name":"Home","item":"https:\/\/sinainteriors.com\/"},{"@type":"ListItem","position":2,"name":"Matcha cafe design &#8211; Helsinki"}]},{"@type":"WebSite","@id":"https:\/\/sinainteriors.com\/#website","url":"https:\/\/sinainteriors.com\/","name":"Sina Interiors","description":"Helsinki-Based Interior Design Studio | Interior Designer in Helsinki","publisher":{"@id":"https:\/\/sinainteriors.com\/#organization"},"alternateName":"Sinainteriors","potentialAction":[{"@type":"SearchAction","target":{"@type":"EntryPoint","urlTemplate":"https:\/\/sinainteriors.com\/?s={search_term_string}"},"query-input":{"@type":"PropertyValueSpecification","valueRequired":true,"valueName":"search_term_string"}}],"inLanguage":"fi"},{"@type":"Organization","@id":"https:\/\/sinainteriors.com\/#organization","name":"Sina Interiors","url":"https:\/\/sinainteriors.com\/","logo":{"@type":"ImageObject","inLanguage":"fi","@id":"https:\/\/sinainteriors.com\/#\/schema\/logo\/image\/","url":"https:\/\/sinainteriors.com\/wp-content\/uploads\/2026\/03\/image-removebg-preview136.png","contentUrl":"https:\/\/sinainteriors.com\/wp-content\/uploads\/2026\/03\/image-removebg-preview136.png","width":234,"height":176,"caption":"Sina Interiors"},"image":{"@id":"https:\/\/sinainteriors.com\/#\/schema\/logo\/image\/"},"sameAs":["https:\/\/www.facebook.com\/p\/Sina-Interiors-61562000177545\/","https:\/\/www.instagram.com\/sina.interiors\/"]}]}},"_hostinger_reach_plugin_has_subscription_block":false,"_hostinger_reach_plugin_is_elementor":false,"_links":{"self":[{"href":"https:\/\/sinainteriors.com\/fi\/wp-json\/wp\/v2\/pages\/673","targetHints":{"allow":["GET"]}}],"collection":[{"href":"https:\/\/sinainteriors.com\/fi\/wp-json\/wp\/v2\/pages"}],"about":[{"href":"https:\/\/sinainteriors.com\/fi\/wp-json\/wp\/v2\/types\/page"}],"author":[{"embeddable":true,"href":"https:\/\/sinainteriors.com\/fi\/wp-json\/wp\/v2\/users\/1"}],"replies":[{"embeddable":true,"href":"https:\/\/sinainteriors.com\/fi\/wp-json\/wp\/v2\/comments?post=673"}],"version-history":[{"count":5,"href":"https:\/\/sinainteriors.com\/fi\/wp-json\/wp\/v2\/pages\/673\/revisions"}],"predecessor-version":[{"id":699,"href":"https:\/\/sinainteriors.com\/fi\/wp-json\/wp\/v2\/pages\/673\/revisions\/699"}],"wp:attachment":[{"href":"https:\/\/sinainteriors.com\/fi\/wp-json\/wp\/v2\/media?parent=673"}],"curies":[{"name":"wp","href":"https:\/\/api.w.org\/{rel}","templated":true}]}}