{"id":69,"date":"2026-01-16T17:56:52","date_gmt":"2026-01-16T17:56:52","guid":{"rendered":"https:\/\/sinainteriors.com\/?page_id=69"},"modified":"2026-03-24T12:51:32","modified_gmt":"2026-03-24T12:51:32","slug":"commercial-projects","status":"publish","type":"page","link":"https:\/\/sinainteriors.com\/fi\/commercial-projects\/","title":{"rendered":"Kaupalliset projektit"},"content":{"rendered":"<div data-elementor-type=\"wp-page\" data-elementor-id=\"69\" class=\"elementor elementor-69\">\n\t\t\t\t<div class=\"elementor-element elementor-element-0e50330 e-flex e-con-boxed e-con e-parent\" data-id=\"0e50330\" data-element_type=\"container\" data-settings=\"{&quot;background_background&quot;:&quot;classic&quot;}\">\n\t\t\t\t\t<div class=\"e-con-inner\">\n\t\t\t\t<div class=\"elementor-element elementor-element-b4a8fa3 elementor-widget elementor-widget-spacer\" data-id=\"b4a8fa3\" data-element_type=\"widget\" data-widget_type=\"spacer.default\">\n\t\t\t\t\t\t\t<div class=\"elementor-spacer\">\n\t\t\t<div class=\"elementor-spacer-inner\"><\/div>\n\t\t<\/div>\n\t\t\t\t\t\t<\/div>\n\t\t\t\t<div class=\"elementor-element elementor-element-5a34597 elementor-widget elementor-widget-heading\" data-id=\"5a34597\" data-element_type=\"widget\" data-widget_type=\"heading.default\">\n\t\t\t\t\t<h2 class=\"elementor-heading-title elementor-size-default\">Kaupalliset projektit<\/h2>\t\t\t\t<\/div>\n\t\t\t\t<div class=\"elementor-element elementor-element-a47f582 elementor-widget elementor-widget-spacer\" data-id=\"a47f582\" data-element_type=\"widget\" data-widget_type=\"spacer.default\">\n\t\t\t\t\t\t\t<div class=\"elementor-spacer\">\n\t\t\t<div class=\"elementor-spacer-inner\"><\/div>\n\t\t<\/div>\n\t\t\t\t\t\t<\/div>\n\t\t\t\t\t<\/div>\n\t\t\t\t<\/div>\n\t\t<div class=\"elementor-element elementor-element-4ac2e06 e-flex e-con-boxed e-con e-parent\" data-id=\"4ac2e06\" data-element_type=\"container\" data-settings=\"{&quot;background_background&quot;:&quot;classic&quot;}\">\n\t\t\t\t\t<div class=\"e-con-inner\">\n\t\t<div class=\"elementor-element elementor-element-0390e6e e-con-full e-flex e-con e-child\" data-id=\"0390e6e\" data-element_type=\"container\">\n\t\t\t\t<div class=\"elementor-element elementor-element-e4722fa elementor-widget elementor-widget-heading\" data-id=\"e4722fa\" data-element_type=\"widget\" data-widget_type=\"heading.default\">\n\t\t\t\t\t<h2 class=\"elementor-heading-title elementor-size-default\"> Toimialat, joilla ty\u00f6skentelen<\/h2>\t\t\t\t<\/div>\n\t\t\t\t<div class=\"elementor-element elementor-element-13b6c6a elementor-widget elementor-widget-text-editor\" data-id=\"13b6c6a\" data-element_type=\"widget\" data-widget_type=\"text-editor.default\">\n\t\t\t\t\t\t\t\t\t<p>Tilat, jotka nostavat br\u00e4ndi\u00e4si esiin \u2013 ideasta toteutukseen<\/p><p><strong>Ravintolat ja kahvilat<\/strong> Luo kutsuva tunnelma, joka pit\u00e4\u00e4 vieraat viipyilem\u00e4ss\u00e4.<br \/><strong>Baarit ja oleskelutilat<\/strong> Luo tunnelmallisia ja mukaansatempaavia ymp\u00e4rist\u00f6j\u00e4 y\u00f6el\u00e4m\u00e4\u00e4n.<br \/><strong>Salongit ja kylpyl\u00e4t<\/strong> - Yhdist\u00e4 luksus ja k\u00e4yt\u00e4nn\u00f6llisyys hemmottelukokemukseen.<br \/><strong>V\u00e4hitt\u00e4ismyym\u00e4l\u00e4t<\/strong> \u2013 Suunnittele pohjaratkaisuja, jotka ohjaavat asiakkaita ja tehostavat myynti\u00e4.<br \/><strong>Ty\u00f6tilat<\/strong> Edist\u00e4 tiimien tuottavuutta ja luovuutta.<\/p><p>Etk\u00f6 n\u00e4e toimialaasi? Jutellaan projektistasi.<\/p>\t\t\t\t\t\t\t\t<\/div>\n\t\t\t\t<div class=\"elementor-element elementor-element-2d0bb6d elementor-widget elementor-widget-heading\" data-id=\"2d0bb6d\" data-element_type=\"widget\" data-widget_type=\"heading.default\">\n\t\t\t\t\t<h2 class=\"elementor-heading-title elementor-size-default\">Palvelutyypit<\/h2>\t\t\t\t<\/div>\n\t\t\t\t<div class=\"elementor-element elementor-element-a93e97a elementor-widget elementor-widget-text-editor\" data-id=\"a93e97a\" data-element_type=\"widget\" data-widget_type=\"text-editor.default\">\n\t\t\t\t\t\t\t\t\t<p><strong>A. T\u00e4ydellinen suunnittelu + toteutus<\/strong><br \/>Asiakkaille, jotka haluavat avaimet k\u00e4teen -ratkaisun \u2013 Hoidan kaiken ideasta urakoitsijan koordinointiin.<br \/>Sis\u00e4lt\u00e4\u00e4: Tilasuunnittelun, 3D-render\u00f6innit, materiaalien hankinnan, rakennusvalvonnan.<\/p><p><strong>B. Pelkk\u00e4 suunnittelu<\/strong><br \/>T\u00e4ydellinen, jos sinulla on toteutettava tiimi, mutta tarvitset luovan vision.<br \/>Sis\u00e4lt\u00e4\u00e4: Tunnelmataulut, pohjapiirrokset, viimeistelyvalinnat, ostoslistan.<\/p><p><strong>C. Konsultointi<\/strong><br \/>Tarvitsetko asiantuntijapalautetta? Vianm\u00e4\u00e4rit\u00e4n tilasi 1\u20132 tunnin aikana.<br \/>Loistava valinta: Asetteluhaasteisiin, v\u00e4rimaailmoihin, huonekalujen sijoitteluun.<\/p>\t\t\t\t\t\t\t\t<\/div>\n\t\t\t\t<\/div>\n\t\t<div class=\"elementor-element elementor-element-ac4c963 e-con-full e-flex e-con e-child\" data-id=\"ac4c963\" data-element_type=\"container\">\n\t\t\t\t<div class=\"elementor-element elementor-element-e5de963 elementor-widget elementor-widget-image\" data-id=\"e5de963\" data-element_type=\"widget\" data-widget_type=\"image.default\">\n\t\t\t\t\t\t\t\t\t\t\t\t\t\t\t<img decoding=\"async\" src=\"https:\/\/sinainteriors.com\/wp-content\/uploads\/elementor\/thumbs\/pinkrestaurant-rhuhch4ya2vdu4xb3qlm4tohwlnq6guuvo7m2vvejc.webp\" title=\"pink+restaurant\" alt=\"pink+restaurant\" loading=\"lazy\" \/>\t\t\t\t\t\t\t\t\t\t\t\t\t\t\t<\/div>\n\t\t\t\t<\/div>\n\t\t\t\t\t<\/div>\n\t\t\t\t<\/div>\n\t\t<div class=\"elementor-element elementor-element-5446934 e-flex e-con-boxed e-con e-parent\" data-id=\"5446934\" data-element_type=\"container\" data-settings=\"{&quot;background_background&quot;:&quot;classic&quot;}\">\n\t\t\t\t\t<div class=\"e-con-inner\">\n\t\t\t\t<div class=\"elementor-element elementor-element-9250e6a elementor-align-center elementor-widget elementor-widget-button\" data-id=\"9250e6a\" data-element_type=\"widget\" data-widget_type=\"button.default\">\n\t\t\t\t\t\t\t\t\t\t<a class=\"elementor-button elementor-button-link elementor-size-sm\" href=\"\/fi\/contact\/\">\n\t\t\t\t\t\t<span class=\"elementor-button-content-wrapper\">\n\t\t\t\t\t\t\t\t\t<span class=\"elementor-button-text\">Varaa ilmainen konsultaatio<\/span>\n\t\t\t\t\t<\/span>\n\t\t\t\t\t<\/a>\n\t\t\t\t\t\t\t\t<\/div>\n\t\t\t\t\t<\/div>\n\t\t\t\t<\/div>\n\t\t\t\t<\/div>","protected":false},"excerpt":{"rendered":"<p>Commercial Projects Industries I Work With Spaces That Elevate Your Brand\u2014From Concept to Completion Restaurants &amp; Caf\u00e9s \u2013 Create an inviting atmosphere that keeps guests lingering.Bars &amp; Lounges \u2013 Craft moody, immersive environments for nightlife.Salons &amp; Spas \u2013 Blend luxury and practicality for a pampering experience.Retail Stores \u2013 Design layouts that guide customers and boost [&hellip;]<\/p>","protected":false},"author":1,"featured_media":0,"parent":0,"menu_order":0,"comment_status":"closed","ping_status":"closed","template":"elementor_header_footer","meta":{"footnotes":""},"class_list":["post-69","page","type-page","status-publish","hentry"],"yoast_head":"<!-- This site is optimized with the Yoast SEO plugin v27.2 - https:\/\/yoast.com\/product\/yoast-seo-wordpress\/ -->\n<title>Commercial Projects - Sina Interiors<\/title>\n<meta name=\"robots\" content=\"index, follow, max-snippet:-1, max-image-preview:large, max-video-preview:-1\" \/>\n<link rel=\"canonical\" href=\"https:\/\/sinainteriors.com\/fi\/commercial-projects\/\" \/>\n<meta property=\"og:locale\" content=\"fi_FI\" \/>\n<meta property=\"og:type\" content=\"article\" \/>\n<meta property=\"og:title\" content=\"Commercial Projects - Sina Interiors\" \/>\n<meta property=\"og:description\" content=\"Commercial Projects Industries I Work With Spaces That Elevate Your Brand\u2014From Concept to Completion Restaurants &amp; Caf\u00e9s \u2013 Create an inviting atmosphere that keeps guests lingering.Bars &amp; Lounges \u2013 Craft moody, immersive environments for nightlife.Salons &amp; Spas \u2013 Blend luxury and practicality for a pampering experience.Retail Stores \u2013 Design layouts that guide customers and boost [&hellip;]\" \/>\n<meta property=\"og:url\" content=\"https:\/\/sinainteriors.com\/fi\/commercial-projects\/\" \/>\n<meta property=\"og:site_name\" content=\"Sina Interiors\" \/>\n<meta property=\"article:publisher\" content=\"https:\/\/www.facebook.com\/p\/Sina-Interiors-61562000177545\/\" \/>\n<meta property=\"article:modified_time\" content=\"2026-03-24T12:51:32+00:00\" \/>\n<meta property=\"og:image\" content=\"https:\/\/sinainteriors.com\/wp-content\/uploads\/elementor\/thumbs\/pinkrestaurant-rhuhch4ya2vdu4xb3qlm4tohwlnq6guuvo7m2vvejc.webp\" \/>\n<meta name=\"twitter:card\" content=\"summary_large_image\" \/>\n<meta name=\"twitter:label1\" content=\"Arvioitu lukuaika\" \/>\n\t<meta name=\"twitter:data1\" content=\"1 minuutti\" \/>\n<script type=\"application\/ld+json\" class=\"yoast-schema-graph\">{\"@context\":\"https:\/\/schema.org\",\"@graph\":[{\"@type\":\"WebPage\",\"@id\":\"https:\/\/sinainteriors.com\/commercial-projects\/\",\"url\":\"https:\/\/sinainteriors.com\/commercial-projects\/\",\"name\":\"Commercial Projects - Sina Interiors\",\"isPartOf\":{\"@id\":\"https:\/\/sinainteriors.com\/#website\"},\"primaryImageOfPage\":{\"@id\":\"https:\/\/sinainteriors.com\/commercial-projects\/#primaryimage\"},\"image\":{\"@id\":\"https:\/\/sinainteriors.com\/commercial-projects\/#primaryimage\"},\"thumbnailUrl\":\"https:\/\/sinainteriors.com\/wp-content\/uploads\/elementor\/thumbs\/pinkrestaurant-rhuhch4ya2vdu4xb3qlm4tohwlnq6guuvo7m2vvejc.webp\",\"datePublished\":\"2026-01-16T17:56:52+00:00\",\"dateModified\":\"2026-03-24T12:51:32+00:00\",\"breadcrumb\":{\"@id\":\"https:\/\/sinainteriors.com\/commercial-projects\/#breadcrumb\"},\"inLanguage\":\"fi\",\"potentialAction\":[{\"@type\":\"ReadAction\",\"target\":[\"https:\/\/sinainteriors.com\/commercial-projects\/\"]}]},{\"@type\":\"ImageObject\",\"inLanguage\":\"fi\",\"@id\":\"https:\/\/sinainteriors.com\/commercial-projects\/#primaryimage\",\"url\":\"https:\/\/sinainteriors.com\/wp-content\/uploads\/elementor\/thumbs\/pinkrestaurant-rhuhch4ya2vdu4xb3qlm4tohwlnq6guuvo7m2vvejc.webp\",\"contentUrl\":\"https:\/\/sinainteriors.com\/wp-content\/uploads\/elementor\/thumbs\/pinkrestaurant-rhuhch4ya2vdu4xb3qlm4tohwlnq6guuvo7m2vvejc.webp\"},{\"@type\":\"BreadcrumbList\",\"@id\":\"https:\/\/sinainteriors.com\/commercial-projects\/#breadcrumb\",\"itemListElement\":[{\"@type\":\"ListItem\",\"position\":1,\"name\":\"Home\",\"item\":\"https:\/\/sinainteriors.com\/\"},{\"@type\":\"ListItem\",\"position\":2,\"name\":\"Commercial Projects\"}]},{\"@type\":\"WebSite\",\"@id\":\"https:\/\/sinainteriors.com\/#website\",\"url\":\"https:\/\/sinainteriors.com\/\",\"name\":\"Sina Interiors\",\"description\":\"Helsinki-Based Interior Design Studio | Interior Designer in Helsinki\",\"publisher\":{\"@id\":\"https:\/\/sinainteriors.com\/#organization\"},\"alternateName\":\"Sinainteriors\",\"potentialAction\":[{\"@type\":\"SearchAction\",\"target\":{\"@type\":\"EntryPoint\",\"urlTemplate\":\"https:\/\/sinainteriors.com\/?s={search_term_string}\"},\"query-input\":{\"@type\":\"PropertyValueSpecification\",\"valueRequired\":true,\"valueName\":\"search_term_string\"}}],\"inLanguage\":\"fi\"},{\"@type\":\"Organization\",\"@id\":\"https:\/\/sinainteriors.com\/#organization\",\"name\":\"Sina Interiors\",\"url\":\"https:\/\/sinainteriors.com\/\",\"logo\":{\"@type\":\"ImageObject\",\"inLanguage\":\"fi\",\"@id\":\"https:\/\/sinainteriors.com\/#\/schema\/logo\/image\/\",\"url\":\"https:\/\/sinainteriors.com\/wp-content\/uploads\/2026\/03\/image-removebg-preview136.png\",\"contentUrl\":\"https:\/\/sinainteriors.com\/wp-content\/uploads\/2026\/03\/image-removebg-preview136.png\",\"width\":234,\"height\":176,\"caption\":\"Sina Interiors\"},\"image\":{\"@id\":\"https:\/\/sinainteriors.com\/#\/schema\/logo\/image\/\"},\"sameAs\":[\"https:\/\/www.facebook.com\/p\/Sina-Interiors-61562000177545\/\",\"https:\/\/www.instagram.com\/sina.interiors\/\"]}]}<\/script>\n<!-- \/ Yoast SEO plugin. -->","yoast_head_json":{"title":"Commercial Projects - Sina Interiors","robots":{"index":"index","follow":"follow","max-snippet":"max-snippet:-1","max-image-preview":"max-image-preview:large","max-video-preview":"max-video-preview:-1"},"canonical":"https:\/\/sinainteriors.com\/fi\/commercial-projects\/","og_locale":"fi_FI","og_type":"article","og_title":"Commercial Projects - Sina Interiors","og_description":"Commercial Projects Industries I Work With Spaces That Elevate Your Brand\u2014From Concept to Completion Restaurants &amp; Caf\u00e9s \u2013 Create an inviting atmosphere that keeps guests lingering.Bars &amp; Lounges \u2013 Craft moody, immersive environments for nightlife.Salons &amp; Spas \u2013 Blend luxury and practicality for a pampering experience.Retail Stores \u2013 Design layouts that guide customers and boost [&hellip;]","og_url":"https:\/\/sinainteriors.com\/fi\/commercial-projects\/","og_site_name":"Sina Interiors","article_publisher":"https:\/\/www.facebook.com\/p\/Sina-Interiors-61562000177545\/","article_modified_time":"2026-03-24T12:51:32+00:00","og_image":[{"url":"https:\/\/sinainteriors.com\/wp-content\/uploads\/elementor\/thumbs\/pinkrestaurant-rhuhch4ya2vdu4xb3qlm4tohwlnq6guuvo7m2vvejc.webp","type":"","width":"","height":""}],"twitter_card":"summary_large_image","twitter_misc":{"Arvioitu lukuaika":"1 minuutti"},"schema":{"@context":"https:\/\/schema.org","@graph":[{"@type":"WebPage","@id":"https:\/\/sinainteriors.com\/commercial-projects\/","url":"https:\/\/sinainteriors.com\/commercial-projects\/","name":"Commercial Projects - Sina Interiors","isPartOf":{"@id":"https:\/\/sinainteriors.com\/#website"},"primaryImageOfPage":{"@id":"https:\/\/sinainteriors.com\/commercial-projects\/#primaryimage"},"image":{"@id":"https:\/\/sinainteriors.com\/commercial-projects\/#primaryimage"},"thumbnailUrl":"https:\/\/sinainteriors.com\/wp-content\/uploads\/elementor\/thumbs\/pinkrestaurant-rhuhch4ya2vdu4xb3qlm4tohwlnq6guuvo7m2vvejc.webp","datePublished":"2026-01-16T17:56:52+00:00","dateModified":"2026-03-24T12:51:32+00:00","breadcrumb":{"@id":"https:\/\/sinainteriors.com\/commercial-projects\/#breadcrumb"},"inLanguage":"fi","potentialAction":[{"@type":"ReadAction","target":["https:\/\/sinainteriors.com\/commercial-projects\/"]}]},{"@type":"ImageObject","inLanguage":"fi","@id":"https:\/\/sinainteriors.com\/commercial-projects\/#primaryimage","url":"https:\/\/sinainteriors.com\/wp-content\/uploads\/elementor\/thumbs\/pinkrestaurant-rhuhch4ya2vdu4xb3qlm4tohwlnq6guuvo7m2vvejc.webp","contentUrl":"https:\/\/sinainteriors.com\/wp-content\/uploads\/elementor\/thumbs\/pinkrestaurant-rhuhch4ya2vdu4xb3qlm4tohwlnq6guuvo7m2vvejc.webp"},{"@type":"BreadcrumbList","@id":"https:\/\/sinainteriors.com\/commercial-projects\/#breadcrumb","itemListElement":[{"@type":"ListItem","position":1,"name":"Home","item":"https:\/\/sinainteriors.com\/"},{"@type":"ListItem","position":2,"name":"Commercial Projects"}]},{"@type":"WebSite","@id":"https:\/\/sinainteriors.com\/#website","url":"https:\/\/sinainteriors.com\/","name":"Sina Interiors","description":"Helsinki-Based Interior Design Studio | Interior Designer in Helsinki","publisher":{"@id":"https:\/\/sinainteriors.com\/#organization"},"alternateName":"Sinainteriors","potentialAction":[{"@type":"SearchAction","target":{"@type":"EntryPoint","urlTemplate":"https:\/\/sinainteriors.com\/?s={search_term_string}"},"query-input":{"@type":"PropertyValueSpecification","valueRequired":true,"valueName":"search_term_string"}}],"inLanguage":"fi"},{"@type":"Organization","@id":"https:\/\/sinainteriors.com\/#organization","name":"Sina Interiors","url":"https:\/\/sinainteriors.com\/","logo":{"@type":"ImageObject","inLanguage":"fi","@id":"https:\/\/sinainteriors.com\/#\/schema\/logo\/image\/","url":"https:\/\/sinainteriors.com\/wp-content\/uploads\/2026\/03\/image-removebg-preview136.png","contentUrl":"https:\/\/sinainteriors.com\/wp-content\/uploads\/2026\/03\/image-removebg-preview136.png","width":234,"height":176,"caption":"Sina Interiors"},"image":{"@id":"https:\/\/sinainteriors.com\/#\/schema\/logo\/image\/"},"sameAs":["https:\/\/www.facebook.com\/p\/Sina-Interiors-61562000177545\/","https:\/\/www.instagram.com\/sina.interiors\/"]}]}},"_hostinger_reach_plugin_has_subscription_block":false,"_hostinger_reach_plugin_is_elementor":false,"_links":{"self":[{"href":"https:\/\/sinainteriors.com\/fi\/wp-json\/wp\/v2\/pages\/69","targetHints":{"allow":["GET"]}}],"collection":[{"href":"https:\/\/sinainteriors.com\/fi\/wp-json\/wp\/v2\/pages"}],"about":[{"href":"https:\/\/sinainteriors.com\/fi\/wp-json\/wp\/v2\/types\/page"}],"author":[{"embeddable":true,"href":"https:\/\/sinainteriors.com\/fi\/wp-json\/wp\/v2\/users\/1"}],"replies":[{"embeddable":true,"href":"https:\/\/sinainteriors.com\/fi\/wp-json\/wp\/v2\/comments?post=69"}],"version-history":[{"count":26,"href":"https:\/\/sinainteriors.com\/fi\/wp-json\/wp\/v2\/pages\/69\/revisions"}],"predecessor-version":[{"id":696,"href":"https:\/\/sinainteriors.com\/fi\/wp-json\/wp\/v2\/pages\/69\/revisions\/696"}],"wp:attachment":[{"href":"https:\/\/sinainteriors.com\/fi\/wp-json\/wp\/v2\/media?parent=69"}],"curies":[{"name":"wp","href":"https:\/\/api.w.org\/{rel}","templated":true}]}}