{"id":73,"date":"2026-01-16T17:57:41","date_gmt":"2026-01-16T17:57:41","guid":{"rendered":"https:\/\/sinainteriors.com\/?page_id=73"},"modified":"2026-03-24T13:00:05","modified_gmt":"2026-03-24T13:00:05","slug":"contact","status":"publish","type":"page","link":"https:\/\/sinainteriors.com\/fi\/contact\/","title":{"rendered":"Ota yhteytt\u00e4"},"content":{"rendered":"<div data-elementor-type=\"wp-page\" data-elementor-id=\"73\" class=\"elementor elementor-73\">\n\t\t\t\t<div class=\"elementor-element elementor-element-2346687 e-flex e-con-boxed e-con e-parent\" data-id=\"2346687\" data-element_type=\"container\" data-settings=\"{&quot;background_background&quot;:&quot;classic&quot;}\">\n\t\t\t\t\t<div class=\"e-con-inner\">\n\t\t\t\t<div class=\"elementor-element elementor-element-668b2b4 elementor-widget elementor-widget-spacer\" data-id=\"668b2b4\" data-element_type=\"widget\" data-widget_type=\"spacer.default\">\n\t\t\t\t\t\t\t<div class=\"elementor-spacer\">\n\t\t\t<div class=\"elementor-spacer-inner\"><\/div>\n\t\t<\/div>\n\t\t\t\t\t\t<\/div>\n\t\t\t\t<div class=\"elementor-element elementor-element-171398d elementor-widget elementor-widget-heading\" data-id=\"171398d\" data-element_type=\"widget\" data-widget_type=\"heading.default\">\n\t\t\t\t\t<h2 class=\"elementor-heading-title elementor-size-default\">Otetaan yhteytt\u00e4<\/h2>\t\t\t\t<\/div>\n\t\t\t\t<div class=\"elementor-element elementor-element-805a315 elementor-widget elementor-widget-text-editor\" data-id=\"805a315\" data-element_type=\"widget\" data-widget_type=\"text-editor.default\">\n\t\t\t\t\t\t\t\t\t<p>Vastaan mielell\u00e4ni tiedusteluja potentiaalisista projekteista. K\u00e4yt\u00e4 yhteydenottolomaketta tai soita minulle ottaaksesi yhteytt\u00e4, niin voimme keskustella projektistasi.<\/p><p>Email: <span class=\"h-typography h-t-body-2 truncate\" data-v-21764196=\"\">info@sinainteriors.com<\/span><\/p><p>Call: (+358) 045 2083515<\/p>\t\t\t\t\t\t\t\t<\/div>\n\t\t\t\t<div class=\"elementor-element elementor-element-4c9e25d elementor-widget elementor-widget-wpforms\" data-id=\"4c9e25d\" data-element_type=\"widget\" data-widget_type=\"wpforms.default\">\n\t\t\t\t<div class=\"elementor-widget-container\">\n\t\t\t\t\t<style id=\"wpforms-css-vars-elementor-widget-4c9e25d\">\n\t\t\t\t.elementor-widget-wpforms.elementor-element-4c9e25d {\n\t\t\t\t--wpforms-button-background-color: #131212;\n\t\t\t}\n\t\t\t<\/style><div class=\"wpforms-container wpforms-container-full wpforms-render-modern\" id=\"wpforms-148\"><form id=\"wpforms-form-148\" class=\"wpforms-validate wpforms-form wpforms-ajax-form\" data-formid=\"148\" method=\"post\" enctype=\"multipart\/form-data\" action=\"\/fi\/wp-json\/wp\/v2\/pages\/73\" data-token=\"189d0673b0cf1bcf5245b25ede7192b5\" data-token-time=\"1775870158\" data-trp-original-action=\"\/fi\/wp-json\/wp\/v2\/pages\/73\"><noscript class=\"wpforms-error-noscript\">Please enable JavaScript in your browser to complete this form.<\/noscript><div id=\"wpforms-error-noscript\" style=\"display: none;\">Please enable JavaScript in your browser to complete this form.<\/div><div class=\"wpforms-field-container\"><div id=\"wpforms-148-field_1-container\" class=\"wpforms-field wpforms-field-name\" data-field-id=\"1\"><fieldset><legend class=\"wpforms-field-label\">Nimi <span class=\"wpforms-required-label\" aria-hidden=\"true\">*<\/span><\/legend><div class=\"wpforms-field-row wpforms-field-large\"><div class=\"wpforms-field-row-block wpforms-first wpforms-one-half\"><input type=\"text\" id=\"wpforms-148-field_1\" class=\"wpforms-field-name-first wpforms-field-required\" name=\"wpforms[fields][1][first]\" aria-errormessage=\"wpforms-148-field_1-error\" required><label for=\"wpforms-148-field_1\" class=\"wpforms-field-sublabel after\">First<\/label><\/div><div class=\"wpforms-field-row-block wpforms-one-half\"><input type=\"text\" id=\"wpforms-148-field_1-last\" class=\"wpforms-field-name-last wpforms-field-required\" name=\"wpforms[fields][1][last]\" aria-errormessage=\"wpforms-148-field_1-last-error\" required><label for=\"wpforms-148-field_1-last\" class=\"wpforms-field-sublabel after\">Last<\/label><\/div><\/div><\/fieldset><\/div>\t\t<div id=\"wpforms-148-field_5-container\"\n\t\t\tclass=\"wpforms-field wpforms-field-text\"\n\t\t\tdata-field-type=\"text\"\n\t\t\tdata-field-id=\"5\"\n\t\t\t>\n\t\t\t<label class=\"wpforms-field-label\" for=\"wpforms-148-field_5\" >Phone Message Name<\/label>\n\t\t\t<input type=\"text\" id=\"wpforms-148-field_5\" class=\"wpforms-field-medium\" name=\"wpforms[fields][5]\" >\n\t\t<\/div>\n\t\t<div id=\"wpforms-148-field_2-container\" class=\"wpforms-field wpforms-field-email\" data-field-id=\"2\"><label class=\"wpforms-field-label\" for=\"wpforms-148-field_2\">S\u00e4hk\u00f6posti <span class=\"wpforms-required-label\" aria-hidden=\"true\">*<\/span><\/label><input type=\"email\" id=\"wpforms-148-field_2\" class=\"wpforms-field-large wpforms-field-required\" name=\"wpforms[fields][2]\" spellcheck=\"false\" aria-errormessage=\"wpforms-148-field_2-error\" required><\/div><div id=\"wpforms-148-field_4-container\" class=\"wpforms-field wpforms-field-text\" data-field-id=\"4\"><label class=\"wpforms-field-label\" for=\"wpforms-148-field_4\">Puhelin <span class=\"wpforms-required-label\" aria-hidden=\"true\">*<\/span><\/label><input type=\"text\" id=\"wpforms-148-field_4\" class=\"wpforms-field-large wpforms-field-required\" name=\"wpforms[fields][4]\" aria-errormessage=\"wpforms-148-field_4-error\" required><\/div><div id=\"wpforms-148-field_3-container\" class=\"wpforms-field wpforms-field-textarea\" data-field-id=\"3\"><label class=\"wpforms-field-label\" for=\"wpforms-148-field_3\">Viesti<\/label><textarea id=\"wpforms-148-field_3\" class=\"wpforms-field-medium\" name=\"wpforms[fields][3]\" aria-errormessage=\"wpforms-148-field_3-error\" ><\/textarea><\/div><script>\n\t\t\t\t( function() {\n\t\t\t\t\tconst style = document.createElement( 'style' );\n\t\t\t\t\tstyle.appendChild( document.createTextNode( '#wpforms-148-field_5-container { position: absolute !important; overflow: hidden !important; display: inline !important; height: 1px !important; width: 1px !important; z-index: -1000 !important; padding: 0 !important; } #wpforms-148-field_5-container input { visibility: hidden; } #wpforms-conversational-form-page #wpforms-148-field_5-container label { counter-increment: none; }' ) );\n\t\t\t\t\tdocument.head.appendChild( style );\n\t\t\t\t\tdocument.currentScript?.remove();\n\t\t\t\t} )();\n\t\t\t<\/script><\/div><!-- .wpforms-field-container --><div class=\"wpforms-submit-container\" ><input type=\"hidden\" name=\"wpforms[id]\" value=\"148\"><input type=\"hidden\" name=\"page_title\" value=\"\"><input type=\"hidden\" name=\"page_url\" value=\"https:\/\/sinainteriors.com\/fi\/wp-json\/wp\/v2\/pages\/73\"><input type=\"hidden\" name=\"url_referer\" value=\"\"><button type=\"submit\" name=\"wpforms[submit]\" id=\"wpforms-submit-148\" class=\"wpforms-submit\" data-alt-text=\"Sending...\" data-submit-text=\"Submit\" aria-live=\"assertive\" value=\"wpforms-submit\">L\u00e4het\u00e4<\/button><img decoding=\"async\" src=\"https:\/\/sinainteriors.com\/wp-content\/plugins\/wpforms-lite\/assets\/images\/submit-spin.svg\" class=\"wpforms-submit-spinner\" style=\"display: none;\" width=\"26\" height=\"26\" alt=\"Loading\"><\/div><input type=\"hidden\" name=\"trp-form-language\" value=\"fi\"\/><\/form><\/div>  <!-- .wpforms-container -->\t\t\t\t<\/div>\n\t\t\t\t<\/div>\n\t\t\t\t\t<\/div>\n\t\t\t\t<\/div>\n\t\t\t\t<\/div>","protected":false},"excerpt":{"rendered":"<p>Let\u2019s get in touch I am always happy to receive inquiries of potential projects. Use the contact form or give me a call to get in touch and we can discuss your project. Email: info@sinainteriors.com Call: (+358) 045 2083515 Please enable JavaScript in your browser to complete this form.Please enable JavaScript in your browser to [&hellip;]<\/p>","protected":false},"author":1,"featured_media":0,"parent":0,"menu_order":0,"comment_status":"closed","ping_status":"closed","template":"elementor_header_footer","meta":{"footnotes":""},"class_list":["post-73","page","type-page","status-publish","hentry"],"yoast_head":"<!-- This site is optimized with the Yoast SEO plugin v27.2 - https:\/\/yoast.com\/product\/yoast-seo-wordpress\/ -->\n<title>Contact - Sina Interiors<\/title>\n<meta name=\"description\" content=\"Contact Sina Interiors for bespoke interior design services in Helsinki. Specialist in bold, colorful, and unique residential and commercial spaces. Inquire here.\" \/>\n<meta name=\"robots\" content=\"index, follow, max-snippet:-1, max-image-preview:large, max-video-preview:-1\" \/>\n<link rel=\"canonical\" href=\"https:\/\/sinainteriors.com\/fi\/contact\/\" \/>\n<meta property=\"og:locale\" content=\"fi_FI\" \/>\n<meta property=\"og:type\" content=\"article\" \/>\n<meta property=\"og:title\" content=\"Contact - Sina Interiors\" \/>\n<meta property=\"og:description\" content=\"Contact Sina Interiors for bespoke interior design services in Helsinki. Specialist in bold, colorful, and unique residential and commercial spaces. Inquire here.\" \/>\n<meta property=\"og:url\" content=\"https:\/\/sinainteriors.com\/fi\/contact\/\" \/>\n<meta property=\"og:site_name\" content=\"Sina Interiors\" \/>\n<meta property=\"article:publisher\" content=\"https:\/\/www.facebook.com\/p\/Sina-Interiors-61562000177545\/\" \/>\n<meta property=\"article:modified_time\" content=\"2026-03-24T13:00:05+00:00\" \/>\n<meta property=\"og:image\" content=\"https:\/\/sinainteriors.com\/wp-content\/plugins\/wpforms-lite\/assets\/images\/submit-spin.svg\" \/>\n<meta name=\"twitter:card\" content=\"summary_large_image\" \/>\n<meta name=\"twitter:label1\" content=\"Arvioitu lukuaika\" \/>\n\t<meta name=\"twitter:data1\" content=\"1 minuutti\" \/>\n<script type=\"application\/ld+json\" class=\"yoast-schema-graph\">{\"@context\":\"https:\/\/schema.org\",\"@graph\":[{\"@type\":\"WebPage\",\"@id\":\"https:\/\/sinainteriors.com\/contact\/\",\"url\":\"https:\/\/sinainteriors.com\/contact\/\",\"name\":\"Contact - Sina Interiors\",\"isPartOf\":{\"@id\":\"https:\/\/sinainteriors.com\/#website\"},\"primaryImageOfPage\":{\"@id\":\"https:\/\/sinainteriors.com\/contact\/#primaryimage\"},\"image\":{\"@id\":\"https:\/\/sinainteriors.com\/contact\/#primaryimage\"},\"thumbnailUrl\":\"https:\/\/sinainteriors.com\/wp-content\/plugins\/wpforms-lite\/assets\/images\/submit-spin.svg\",\"datePublished\":\"2026-01-16T17:57:41+00:00\",\"dateModified\":\"2026-03-24T13:00:05+00:00\",\"description\":\"Contact Sina Interiors for bespoke interior design services in Helsinki. Specialist in bold, colorful, and unique residential and commercial spaces. Inquire here.\",\"breadcrumb\":{\"@id\":\"https:\/\/sinainteriors.com\/contact\/#breadcrumb\"},\"inLanguage\":\"fi\",\"potentialAction\":[{\"@type\":\"ReadAction\",\"target\":[\"https:\/\/sinainteriors.com\/contact\/\"]}]},{\"@type\":\"ImageObject\",\"inLanguage\":\"fi\",\"@id\":\"https:\/\/sinainteriors.com\/contact\/#primaryimage\",\"url\":\"https:\/\/sinainteriors.com\/wp-content\/plugins\/wpforms-lite\/assets\/images\/submit-spin.svg\",\"contentUrl\":\"https:\/\/sinainteriors.com\/wp-content\/plugins\/wpforms-lite\/assets\/images\/submit-spin.svg\"},{\"@type\":\"BreadcrumbList\",\"@id\":\"https:\/\/sinainteriors.com\/contact\/#breadcrumb\",\"itemListElement\":[{\"@type\":\"ListItem\",\"position\":1,\"name\":\"Home\",\"item\":\"https:\/\/sinainteriors.com\/\"},{\"@type\":\"ListItem\",\"position\":2,\"name\":\"Contact\"}]},{\"@type\":\"WebSite\",\"@id\":\"https:\/\/sinainteriors.com\/#website\",\"url\":\"https:\/\/sinainteriors.com\/\",\"name\":\"Sina Interiors\",\"description\":\"Helsinki-Based Interior Design Studio | Interior Designer in Helsinki\",\"publisher\":{\"@id\":\"https:\/\/sinainteriors.com\/#organization\"},\"alternateName\":\"Sinainteriors\",\"potentialAction\":[{\"@type\":\"SearchAction\",\"target\":{\"@type\":\"EntryPoint\",\"urlTemplate\":\"https:\/\/sinainteriors.com\/?s={search_term_string}\"},\"query-input\":{\"@type\":\"PropertyValueSpecification\",\"valueRequired\":true,\"valueName\":\"search_term_string\"}}],\"inLanguage\":\"fi\"},{\"@type\":\"Organization\",\"@id\":\"https:\/\/sinainteriors.com\/#organization\",\"name\":\"Sina Interiors\",\"url\":\"https:\/\/sinainteriors.com\/\",\"logo\":{\"@type\":\"ImageObject\",\"inLanguage\":\"fi\",\"@id\":\"https:\/\/sinainteriors.com\/#\/schema\/logo\/image\/\",\"url\":\"https:\/\/sinainteriors.com\/wp-content\/uploads\/2026\/03\/image-removebg-preview136.png\",\"contentUrl\":\"https:\/\/sinainteriors.com\/wp-content\/uploads\/2026\/03\/image-removebg-preview136.png\",\"width\":234,\"height\":176,\"caption\":\"Sina Interiors\"},\"image\":{\"@id\":\"https:\/\/sinainteriors.com\/#\/schema\/logo\/image\/\"},\"sameAs\":[\"https:\/\/www.facebook.com\/p\/Sina-Interiors-61562000177545\/\",\"https:\/\/www.instagram.com\/sina.interiors\/\"]}]}<\/script>\n<!-- \/ Yoast SEO plugin. -->","yoast_head_json":{"title":"Contact - Sina Interiors","description":"Contact Sina Interiors for bespoke interior design services in Helsinki. Specialist in bold, colorful, and unique residential and commercial spaces. Inquire here.","robots":{"index":"index","follow":"follow","max-snippet":"max-snippet:-1","max-image-preview":"max-image-preview:large","max-video-preview":"max-video-preview:-1"},"canonical":"https:\/\/sinainteriors.com\/fi\/contact\/","og_locale":"fi_FI","og_type":"article","og_title":"Contact - Sina Interiors","og_description":"Contact Sina Interiors for bespoke interior design services in Helsinki. Specialist in bold, colorful, and unique residential and commercial spaces. Inquire here.","og_url":"https:\/\/sinainteriors.com\/fi\/contact\/","og_site_name":"Sina Interiors","article_publisher":"https:\/\/www.facebook.com\/p\/Sina-Interiors-61562000177545\/","article_modified_time":"2026-03-24T13:00:05+00:00","og_image":[{"url":"https:\/\/sinainteriors.com\/wp-content\/plugins\/wpforms-lite\/assets\/images\/submit-spin.svg","type":"","width":"","height":""}],"twitter_card":"summary_large_image","twitter_misc":{"Arvioitu lukuaika":"1 minuutti"},"schema":{"@context":"https:\/\/schema.org","@graph":[{"@type":"WebPage","@id":"https:\/\/sinainteriors.com\/contact\/","url":"https:\/\/sinainteriors.com\/contact\/","name":"Contact - Sina Interiors","isPartOf":{"@id":"https:\/\/sinainteriors.com\/#website"},"primaryImageOfPage":{"@id":"https:\/\/sinainteriors.com\/contact\/#primaryimage"},"image":{"@id":"https:\/\/sinainteriors.com\/contact\/#primaryimage"},"thumbnailUrl":"https:\/\/sinainteriors.com\/wp-content\/plugins\/wpforms-lite\/assets\/images\/submit-spin.svg","datePublished":"2026-01-16T17:57:41+00:00","dateModified":"2026-03-24T13:00:05+00:00","description":"Contact Sina Interiors for bespoke interior design services in Helsinki. Specialist in bold, colorful, and unique residential and commercial spaces. Inquire here.","breadcrumb":{"@id":"https:\/\/sinainteriors.com\/contact\/#breadcrumb"},"inLanguage":"fi","potentialAction":[{"@type":"ReadAction","target":["https:\/\/sinainteriors.com\/contact\/"]}]},{"@type":"ImageObject","inLanguage":"fi","@id":"https:\/\/sinainteriors.com\/contact\/#primaryimage","url":"https:\/\/sinainteriors.com\/wp-content\/plugins\/wpforms-lite\/assets\/images\/submit-spin.svg","contentUrl":"https:\/\/sinainteriors.com\/wp-content\/plugins\/wpforms-lite\/assets\/images\/submit-spin.svg"},{"@type":"BreadcrumbList","@id":"https:\/\/sinainteriors.com\/contact\/#breadcrumb","itemListElement":[{"@type":"ListItem","position":1,"name":"Home","item":"https:\/\/sinainteriors.com\/"},{"@type":"ListItem","position":2,"name":"Contact"}]},{"@type":"WebSite","@id":"https:\/\/sinainteriors.com\/#website","url":"https:\/\/sinainteriors.com\/","name":"Sina Interiors","description":"Helsinki-Based Interior Design Studio | Interior Designer in Helsinki","publisher":{"@id":"https:\/\/sinainteriors.com\/#organization"},"alternateName":"Sinainteriors","potentialAction":[{"@type":"SearchAction","target":{"@type":"EntryPoint","urlTemplate":"https:\/\/sinainteriors.com\/?s={search_term_string}"},"query-input":{"@type":"PropertyValueSpecification","valueRequired":true,"valueName":"search_term_string"}}],"inLanguage":"fi"},{"@type":"Organization","@id":"https:\/\/sinainteriors.com\/#organization","name":"Sina Interiors","url":"https:\/\/sinainteriors.com\/","logo":{"@type":"ImageObject","inLanguage":"fi","@id":"https:\/\/sinainteriors.com\/#\/schema\/logo\/image\/","url":"https:\/\/sinainteriors.com\/wp-content\/uploads\/2026\/03\/image-removebg-preview136.png","contentUrl":"https:\/\/sinainteriors.com\/wp-content\/uploads\/2026\/03\/image-removebg-preview136.png","width":234,"height":176,"caption":"Sina Interiors"},"image":{"@id":"https:\/\/sinainteriors.com\/#\/schema\/logo\/image\/"},"sameAs":["https:\/\/www.facebook.com\/p\/Sina-Interiors-61562000177545\/","https:\/\/www.instagram.com\/sina.interiors\/"]}]}},"_hostinger_reach_plugin_has_subscription_block":false,"_hostinger_reach_plugin_is_elementor":false,"_links":{"self":[{"href":"https:\/\/sinainteriors.com\/fi\/wp-json\/wp\/v2\/pages\/73","targetHints":{"allow":["GET"]}}],"collection":[{"href":"https:\/\/sinainteriors.com\/fi\/wp-json\/wp\/v2\/pages"}],"about":[{"href":"https:\/\/sinainteriors.com\/fi\/wp-json\/wp\/v2\/types\/page"}],"author":[{"embeddable":true,"href":"https:\/\/sinainteriors.com\/fi\/wp-json\/wp\/v2\/users\/1"}],"replies":[{"embeddable":true,"href":"https:\/\/sinainteriors.com\/fi\/wp-json\/wp\/v2\/comments?post=73"}],"version-history":[{"count":29,"href":"https:\/\/sinainteriors.com\/fi\/wp-json\/wp\/v2\/pages\/73\/revisions"}],"predecessor-version":[{"id":697,"href":"https:\/\/sinainteriors.com\/fi\/wp-json\/wp\/v2\/pages\/73\/revisions\/697"}],"wp:attachment":[{"href":"https:\/\/sinainteriors.com\/fi\/wp-json\/wp\/v2\/media?parent=73"}],"curies":[{"name":"wp","href":"https:\/\/api.w.org\/{rel}","templated":true}]}}