{"id":75,"date":"2026-01-16T17:58:12","date_gmt":"2026-01-16T17:58:12","guid":{"rendered":"https:\/\/sinainteriors.com\/?page_id=75"},"modified":"2026-01-19T14:22:15","modified_gmt":"2026-01-19T14:22:15","slug":"testimonials","status":"publish","type":"page","link":"https:\/\/sinainteriors.com\/fi\/testimonials\/","title":{"rendered":"Referenssit"},"content":{"rendered":"<div data-elementor-type=\"wp-page\" data-elementor-id=\"75\" class=\"elementor elementor-75\">\n\t\t\t\t<div class=\"elementor-element elementor-element-ed43178 e-flex e-con-boxed e-con e-parent\" data-id=\"ed43178\" data-element_type=\"container\" data-settings=\"{&quot;background_background&quot;:&quot;classic&quot;}\">\n\t\t\t\t\t<div class=\"e-con-inner\">\n\t\t\t\t<div class=\"elementor-element elementor-element-7cfe02d elementor-widget elementor-widget-spacer\" data-id=\"7cfe02d\" data-element_type=\"widget\" data-widget_type=\"spacer.default\">\n\t\t\t\t\t\t\t<div class=\"elementor-spacer\">\n\t\t\t<div class=\"elementor-spacer-inner\"><\/div>\n\t\t<\/div>\n\t\t\t\t\t\t<\/div>\n\t\t\t\t<div class=\"elementor-element elementor-element-574644d elementor-widget elementor-widget-heading\" data-id=\"574644d\" data-element_type=\"widget\" data-widget_type=\"heading.default\">\n\t\t\t\t\t<h2 class=\"elementor-heading-title elementor-size-default\">Referenssit<\/h2>\t\t\t\t<\/div>\n\t\t\t\t\t<\/div>\n\t\t\t\t<\/div>\n\t\t<div class=\"elementor-element elementor-element-2e8d3aec e-flex e-con-boxed e-con e-parent\" data-id=\"2e8d3aec\" data-element_type=\"container\" id=\"xs_testi_5\" data-settings=\"{&quot;background_background&quot;:&quot;classic&quot;}\">\n\t\t\t\t\t<div class=\"e-con-inner\">\n\t\t\t\t<div class=\"elementor-element elementor-element-468f61c2 elementor-widget elementor-widget-elementskit-testimonial\" data-id=\"468f61c2\" data-element_type=\"widget\" data-widget_type=\"elementskit-testimonial.default\">\n\t\t\t\t\t<div class=\"ekit-wid-con\" ><div class=\"elementskit-testimonial-slider arrow_inside elementskit-default-testimonial\" data-config=\"{&quot;rtl&quot;:false,&quot;arrows&quot;:false,&quot;dots&quot;:false,&quot;pauseOnHover&quot;:true,&quot;autoplay&quot;:false,&quot;speed&quot;:1000,&quot;slidesPerGroup&quot;:1,&quot;slidesPerView&quot;:1,&quot;loop&quot;:false,&quot;spaceBetween&quot;:10,&quot;breakpoints&quot;:{&quot;320&quot;:{&quot;slidesPerView&quot;:1,&quot;slidesPerGroup&quot;:1,&quot;spaceBetween&quot;:10},&quot;768&quot;:{&quot;slidesPerView&quot;:2,&quot;slidesPerGroup&quot;:1,&quot;spaceBetween&quot;:10},&quot;1024&quot;:{&quot;slidesPerView&quot;:1,&quot;slidesPerGroup&quot;:1,&quot;spaceBetween&quot;:10}}}\">\n\t<div class=\"ekit-main-swiper swiper\">\n\t\t<div class=\"swiper-wrapper\">\n\t\t\t\t\t\t\t<div class=\"swiper-slide\">\n\t\t\t\t\t<div class=\"swiper-slide-inner\">\n\t\t\t\t\t\t<div class=\"elemntskit-testimonial-item\" >\n\t\t\t\t\t\t\t<div class=\"elementskit-single-testimonial-slider\">\n\t\t\t\t\t\t\t\t<div class=\"row\">\n\t\t\t\t\t\t\t\t\t<div class=\"col-lg-6 elementkit-testimonial-col\">\n\t\t\t\t\t\t\t\t\t\t<div class=\"elementskit-commentor-content\">\n\t\t\t\t\t\t\t\t\t\t\t\t\t\t\t\t\t\t\t\t\t\t\t\t\t\t\t\t\t\t\t\t\t\t<p>\u201dTy\u00f6skentely Sinan kanssa on ollut alusta loppuun erinomainen kokemus. Se, mik\u00e4 todella erottaa h\u00e4net muista, on h\u00e4nen poikkeuksellinen kykyns\u00e4 kuunnella ja ymm\u00e4rt\u00e4\u00e4 tarkalleen, mit\u00e4 h\u00e4nen asiakkaansa visioivat. Alustavasta konsultaatiostamme l\u00e4htien Sina osoitti aitoa kiinnostusta tarpeitani ja el\u00e4m\u00e4ntapaani kohtaan ja esitti oivaltavia kysymyksi\u00e4, jotka auttoivat muokkaamaan r\u00e4\u00e4t\u00e4l\u00f6idyn suunnittelusuunnitelman. Yksi vaikuttavimmista puolista Sinan kanssa ty\u00f6skentelyss\u00e4 on h\u00e4nen sisustusgraafisten kuviensa laatu ja realismi. Ne antavat todellisen k\u00e4sityksen siit\u00e4, milt\u00e4 tila n\u00e4ytt\u00e4\u00e4 ja tuntuu, mik\u00e4 helpottaa p\u00e4\u00e4t\u00f6ksentekoa luottavaisin mielin ja mielenrauhalla. Jos etsit suunnittelijaa, joka kuuntelee tarkkaavaisesti, kommunikoi tehokkaasti ja her\u00e4tt\u00e4\u00e4 visiosi eloon h\u00e4mm\u00e4stytt\u00e4v\u00e4n realistisilla visuaaleilla, Sina on oikea valinta.\u201d<\/p>\n\t\t\t\t\t\t\t\t\t\t\t\t\t\t\t\t\t\t\t\t\t\t\t\t\t\t\t\t\t\t\t\t\t<span class=\"elementskit-profile-info\">\n\t\t\t\t\t\t\t\t\t\t\t\t<strong class=\"elementskit-author-name\">Denise, Asuinrakennusprojekti<\/strong>\n\t\t\t\t\t\t\t\t\t\t\t\t<span class=\"elementskit-author-des\">Westend Espoo 2025<\/span>\n\t\t\t\t\t\t\t\t\t\t\t<\/span>\n\t\t\t\t\t\t\t\t\t\t<\/div>\n\t\t\t\t\t\t\t\t\t<\/div>\n\t\t\t\t\t\t\t\t\t<div class=\"col-lg-6 elementkit-testimonial-col\">\n\t\t\t\t\t\t\t\t\t\t<div class=\"elementskit-profile-image-card\">\n\t\t\t\t\t\t\t\t\t\t\t<img fetchpriority=\"high\" decoding=\"async\" width=\"1500\" height=\"844\" src=\"https:\/\/sinainteriors.com\/wp-content\/uploads\/2026\/01\/WESTENDLIVINGROOM.webp\" class=\"attachment-full size-full\" alt=\"\" srcset=\"https:\/\/sinainteriors.com\/wp-content\/uploads\/2026\/01\/WESTENDLIVINGROOM.webp 1500w, https:\/\/sinainteriors.com\/wp-content\/uploads\/2026\/01\/WESTENDLIVINGROOM-300x169.webp 300w, https:\/\/sinainteriors.com\/wp-content\/uploads\/2026\/01\/WESTENDLIVINGROOM-1024x576.webp 1024w, https:\/\/sinainteriors.com\/wp-content\/uploads\/2026\/01\/WESTENDLIVINGROOM-768x432.webp 768w\" sizes=\"(max-width: 1500px) 100vw, 1500px\" \/>\t\t\t\t\t\t\t\t\t\t\t\t\t\t\t\t\t\t\t\t\t<\/div>\n\t\t\t\t\t\t\t\t\t<\/div>\n\t\t\t\t\t\t\t\t<\/div>\n\t\t\t\t\t\t\t<\/div>\n\t\t\t\t\t\t<\/div>\n\t\t\t\t\t<\/div>\n\t\t\t\t<\/div>\n\t\t\t\t\t<\/div>\n\n\t\t\n\t\t\t<\/div>\n<\/div>\n<\/div>\t\t\t\t<\/div>\n\t\t\t\t\t<\/div>\n\t\t\t\t<\/div>\n\t\t<div class=\"elementor-element elementor-element-a28f0db e-flex e-con-boxed e-con e-parent\" data-id=\"a28f0db\" data-element_type=\"container\" data-settings=\"{&quot;background_background&quot;:&quot;classic&quot;}\">\n\t\t\t\t\t<div class=\"e-con-inner\">\n\t\t\t\t<div class=\"elementor-element elementor-element-5ccf506 elementor-widget elementor-widget-elementskit-testimonial\" data-id=\"5ccf506\" data-element_type=\"widget\" data-widget_type=\"elementskit-testimonial.default\">\n\t\t\t\t\t<div class=\"ekit-wid-con\" ><div class=\"elementskit-testimonial-slider arrow_inside elementskit-default-testimonial\" data-config=\"{&quot;rtl&quot;:false,&quot;arrows&quot;:false,&quot;dots&quot;:false,&quot;pauseOnHover&quot;:true,&quot;autoplay&quot;:false,&quot;speed&quot;:1000,&quot;slidesPerGroup&quot;:1,&quot;slidesPerView&quot;:1,&quot;loop&quot;:false,&quot;spaceBetween&quot;:10,&quot;breakpoints&quot;:{&quot;320&quot;:{&quot;slidesPerView&quot;:1,&quot;slidesPerGroup&quot;:1,&quot;spaceBetween&quot;:10},&quot;768&quot;:{&quot;slidesPerView&quot;:2,&quot;slidesPerGroup&quot;:1,&quot;spaceBetween&quot;:10},&quot;1024&quot;:{&quot;slidesPerView&quot;:1,&quot;slidesPerGroup&quot;:1,&quot;spaceBetween&quot;:10}}}\">\n\t<div class=\"ekit-main-swiper swiper\">\n\t\t<div class=\"swiper-wrapper\">\n\t\t\t\t\t\t\t<div class=\"swiper-slide\">\n\t\t\t\t\t<div class=\"swiper-slide-inner\">\n\t\t\t\t\t\t<div class=\"elemntskit-testimonial-item\" >\n\t\t\t\t\t\t\t<div class=\"elementskit-single-testimonial-slider\">\n\t\t\t\t\t\t\t\t<div class=\"row\">\n\t\t\t\t\t\t\t\t\t<div class=\"col-lg-6 elementkit-testimonial-col\">\n\t\t\t\t\t\t\t\t\t\t<div class=\"elementskit-commentor-content\">\n\t\t\t\t\t\t\t\t\t\t\t\t\t\t\t\t\t\t\t\t\t\t\t\t\t\t\t\t\t\t\t\t\t\t<p>\"Otin yhteytt\u00e4 Sinaan auttamaan olohuoneen sisustamisessa, erityisesti sopivien huonekalujen l\u00f6yt\u00e4misess\u00e4 portaiden alle ja harmonian sek\u00e4 rauhallisen ilmapiirin luomisessa. Sina oli hyvin avulias, otti kaikki toiveemme huomiota ja laati kunnollisen suunnitelman. Sina oli eritt\u00e4in avulias ja joustava projektiaikataulun kanssa. \"<\/p>\n\t\t\t\t\t\t\t\t\t\t\t\t\t\t\t\t\t\t\t\t\t\t\t\t\t\t\t\t\t\t\t\t\t<span class=\"elementskit-profile-info\">\n\t\t\t\t\t\t\t\t\t\t\t\t<strong class=\"elementskit-author-name\">Rym, asuinrakennusprojekti<\/strong>\n\t\t\t\t\t\t\t\t\t\t\t\t<span class=\"elementskit-author-des\">Vantaa , 2025<\/span>\n\t\t\t\t\t\t\t\t\t\t\t<\/span>\n\t\t\t\t\t\t\t\t\t\t<\/div>\n\t\t\t\t\t\t\t\t\t<\/div>\n\t\t\t\t\t\t\t\t\t<div class=\"col-lg-6 elementkit-testimonial-col\">\n\t\t\t\t\t\t\t\t\t\t<div class=\"elementskit-profile-image-card\">\n\t\t\t\t\t\t\t\t\t\t\t<img decoding=\"async\" width=\"750\" height=\"507\" src=\"https:\/\/sinainteriors.com\/wp-content\/uploads\/2026\/01\/Screenshot2025-06-17at21.11.16.webp\" class=\"attachment-full size-full\" alt=\"\" srcset=\"https:\/\/sinainteriors.com\/wp-content\/uploads\/2026\/01\/Screenshot2025-06-17at21.11.16.webp 750w, https:\/\/sinainteriors.com\/wp-content\/uploads\/2026\/01\/Screenshot2025-06-17at21.11.16-300x203.webp 300w\" sizes=\"(max-width: 750px) 100vw, 750px\" \/>\t\t\t\t\t\t\t\t\t\t\t\t\t\t\t\t\t\t\t\t\t<\/div>\n\t\t\t\t\t\t\t\t\t<\/div>\n\t\t\t\t\t\t\t\t<\/div>\n\t\t\t\t\t\t\t<\/div>\n\t\t\t\t\t\t<\/div>\n\t\t\t\t\t<\/div>\n\t\t\t\t<\/div>\n\t\t\t\t\t<\/div>\n\n\t\t\n\t\t\t<\/div>\n<\/div>\n<\/div>\t\t\t\t<\/div>\n\t\t\t\t\t<\/div>\n\t\t\t\t<\/div>\n\t\t<div class=\"elementor-element elementor-element-0e9dedf e-flex e-con-boxed e-con e-parent\" data-id=\"0e9dedf\" data-element_type=\"container\" data-settings=\"{&quot;background_background&quot;:&quot;classic&quot;}\">\n\t\t\t\t\t<div class=\"e-con-inner\">\n\t\t\t\t<div class=\"elementor-element elementor-element-b053511 elementor-widget elementor-widget-elementskit-testimonial\" data-id=\"b053511\" data-element_type=\"widget\" data-widget_type=\"elementskit-testimonial.default\">\n\t\t\t\t\t<div class=\"ekit-wid-con\" ><div class=\"elementskit-testimonial-slider arrow_inside elementskit-default-testimonial\" data-config=\"{&quot;rtl&quot;:false,&quot;arrows&quot;:false,&quot;dots&quot;:false,&quot;pauseOnHover&quot;:true,&quot;autoplay&quot;:false,&quot;speed&quot;:1000,&quot;slidesPerGroup&quot;:1,&quot;slidesPerView&quot;:1,&quot;loop&quot;:false,&quot;spaceBetween&quot;:10,&quot;breakpoints&quot;:{&quot;320&quot;:{&quot;slidesPerView&quot;:1,&quot;slidesPerGroup&quot;:1,&quot;spaceBetween&quot;:10},&quot;768&quot;:{&quot;slidesPerView&quot;:2,&quot;slidesPerGroup&quot;:1,&quot;spaceBetween&quot;:10},&quot;1024&quot;:{&quot;slidesPerView&quot;:1,&quot;slidesPerGroup&quot;:1,&quot;spaceBetween&quot;:10}}}\">\n\t<div class=\"ekit-main-swiper swiper\">\n\t\t<div class=\"swiper-wrapper\">\n\t\t\t\t\t\t\t<div class=\"swiper-slide\">\n\t\t\t\t\t<div class=\"swiper-slide-inner\">\n\t\t\t\t\t\t<div class=\"elemntskit-testimonial-item\" >\n\t\t\t\t\t\t\t<div class=\"elementskit-single-testimonial-slider\">\n\t\t\t\t\t\t\t\t<div class=\"row\">\n\t\t\t\t\t\t\t\t\t<div class=\"col-lg-6 elementkit-testimonial-col\">\n\t\t\t\t\t\t\t\t\t\t<div class=\"elementskit-commentor-content\">\n\t\t\t\t\t\t\t\t\t\t\t\t\t\t\t\t\t\t\t\t\t\t\t\t\t\t\t\t\t\t\t\t\t\t<p>\"Sina ty\u00f6skenteli kanssamme, kun muutimme uuteen asuntoomme. Tarvitsimme apua olohuoneen ja avoimen keitti\u00f6n kanssa, koska vanhat huonekalumme eiv\u00e4t tuntuneet sopivan joukkoon.\n\nTy\u00f6skentely Sinan kanssa oli arvokasta ja arvokasta kaikilta osin. Sina pystyi ymm\u00e4rt\u00e4m\u00e4\u00e4n tyylimme ja toiveemme syv\u00e4llisesti, jopa silloin kun emme ymm\u00e4rt\u00e4neet omiamme. H\u00e4n ei kaihtanut olla rohkea ty\u00f6ss\u00e4\u00e4n samalla kun kunnioitti ja naulasi ajatuksemme. H\u00e4n antoi meille paremman kuvan olohuoneestamme ja siit\u00e4, miten huoneen virtaus, valoleikki ja k\u00e4yt\u00e4nn\u00f6llisyys sujuvat. Suosittelen vilpitt\u00f6m\u00e4sti h\u00e4nen ammattimaista ja kunnioittavaa k\u00e4yt\u00f6st\u00e4\u00e4n sek\u00e4 korkeatasoista ty\u00f6t\u00e4 ja n\u00e4kemyst\u00e4 sisustussuunnittelusta.\"<\/p>\n\t\t\t\t\t\t\t\t\t\t\t\t\t\t\t\t\t\t\t\t\t\t\t\t\t\t\t\t\t\t\t\t\t<span class=\"elementskit-profile-info\">\n\t\t\t\t\t\t\t\t\t\t\t\t<strong class=\"elementskit-author-name\">Merdiana and Lis, apartment decoration consultation and concept design.<\/strong>\n\t\t\t\t\t\t\t\t\t\t\t\t<span class=\"elementskit-author-des\">Viikki Helsinki, 2024<\/span>\n\t\t\t\t\t\t\t\t\t\t\t<\/span>\n\t\t\t\t\t\t\t\t\t\t<\/div>\n\t\t\t\t\t\t\t\t\t<\/div>\n\t\t\t\t\t\t\t\t\t<div class=\"col-lg-6 elementkit-testimonial-col\">\n\t\t\t\t\t\t\t\t\t\t<div class=\"elementskit-profile-image-card\">\n\t\t\t\t\t\t\t\t\t\t\t<img decoding=\"async\" width=\"1500\" height=\"844\" src=\"https:\/\/sinainteriors.com\/wp-content\/uploads\/2026\/01\/Merdis11-1.webp\" class=\"attachment-full size-full\" alt=\"\" srcset=\"https:\/\/sinainteriors.com\/wp-content\/uploads\/2026\/01\/Merdis11-1.webp 1500w, https:\/\/sinainteriors.com\/wp-content\/uploads\/2026\/01\/Merdis11-1-300x169.webp 300w, https:\/\/sinainteriors.com\/wp-content\/uploads\/2026\/01\/Merdis11-1-1024x576.webp 1024w, https:\/\/sinainteriors.com\/wp-content\/uploads\/2026\/01\/Merdis11-1-768x432.webp 768w\" sizes=\"(max-width: 1500px) 100vw, 1500px\" \/>\t\t\t\t\t\t\t\t\t\t\t\t\t\t\t\t\t\t\t\t\t<\/div>\n\t\t\t\t\t\t\t\t\t<\/div>\n\t\t\t\t\t\t\t\t<\/div>\n\t\t\t\t\t\t\t<\/div>\n\t\t\t\t\t\t<\/div>\n\t\t\t\t\t<\/div>\n\t\t\t\t<\/div>\n\t\t\t\t\t<\/div>\n\n\t\t\n\t\t\t<\/div>\n<\/div>\n<\/div>\t\t\t\t<\/div>\n\t\t\t\t\t<\/div>\n\t\t\t\t<\/div>\n\t\t\t\t<\/div>","protected":false},"excerpt":{"rendered":"<p>Testimonials \u201cWorking with Sina has been an outstanding experience from start to finish. What truly sets him apart is his exceptional ability to listen and understand exactly what his clients are envisioning. From our initial consultation, Sina demonstrated a genuine interest in my needs and lifestyle, asking insightful questions that helped shape a design plan [&hellip;]<\/p>","protected":false},"author":1,"featured_media":0,"parent":0,"menu_order":0,"comment_status":"closed","ping_status":"closed","template":"elementor_header_footer","meta":{"footnotes":""},"class_list":["post-75","page","type-page","status-publish","hentry"],"yoast_head":"<!-- This site is optimized with the Yoast SEO plugin v27.2 - https:\/\/yoast.com\/product\/yoast-seo-wordpress\/ -->\n<title>Testimonials - Sina Interiors<\/title>\n<meta name=\"robots\" content=\"index, follow, max-snippet:-1, max-image-preview:large, max-video-preview:-1\" \/>\n<link rel=\"canonical\" href=\"https:\/\/sinainteriors.com\/fi\/testimonials\/\" \/>\n<meta property=\"og:locale\" content=\"fi_FI\" \/>\n<meta property=\"og:type\" content=\"article\" \/>\n<meta property=\"og:title\" content=\"Testimonials - Sina Interiors\" \/>\n<meta property=\"og:description\" content=\"Testimonials \u201cWorking with Sina has been an outstanding experience from start to finish. What truly sets him apart is his exceptional ability to listen and understand exactly what his clients are envisioning. From our initial consultation, Sina demonstrated a genuine interest in my needs and lifestyle, asking insightful questions that helped shape a design plan [&hellip;]\" \/>\n<meta property=\"og:url\" content=\"https:\/\/sinainteriors.com\/fi\/testimonials\/\" \/>\n<meta property=\"og:site_name\" content=\"Sina Interiors\" \/>\n<meta property=\"article:publisher\" content=\"https:\/\/www.facebook.com\/p\/Sina-Interiors-61562000177545\/\" \/>\n<meta property=\"article:modified_time\" content=\"2026-01-19T14:22:15+00:00\" \/>\n<meta property=\"og:image\" content=\"https:\/\/sinainteriors.com\/wp-content\/uploads\/2026\/01\/WESTENDLIVINGROOM.webp\" \/>\n<meta name=\"twitter:card\" content=\"summary_large_image\" \/>\n<meta name=\"twitter:label1\" content=\"Arvioitu lukuaika\" \/>\n\t<meta name=\"twitter:data1\" content=\"2 minuuttia\" \/>\n<script type=\"application\/ld+json\" class=\"yoast-schema-graph\">{\"@context\":\"https:\/\/schema.org\",\"@graph\":[{\"@type\":\"WebPage\",\"@id\":\"https:\/\/sinainteriors.com\/testimonials\/\",\"url\":\"https:\/\/sinainteriors.com\/testimonials\/\",\"name\":\"Testimonials - Sina Interiors\",\"isPartOf\":{\"@id\":\"https:\/\/sinainteriors.com\/#website\"},\"primaryImageOfPage\":{\"@id\":\"https:\/\/sinainteriors.com\/testimonials\/#primaryimage\"},\"image\":{\"@id\":\"https:\/\/sinainteriors.com\/testimonials\/#primaryimage\"},\"thumbnailUrl\":\"https:\/\/sinainteriors.com\/wp-content\/uploads\/2026\/01\/WESTENDLIVINGROOM.webp\",\"datePublished\":\"2026-01-16T17:58:12+00:00\",\"dateModified\":\"2026-01-19T14:22:15+00:00\",\"breadcrumb\":{\"@id\":\"https:\/\/sinainteriors.com\/testimonials\/#breadcrumb\"},\"inLanguage\":\"fi\",\"potentialAction\":[{\"@type\":\"ReadAction\",\"target\":[\"https:\/\/sinainteriors.com\/testimonials\/\"]}]},{\"@type\":\"ImageObject\",\"inLanguage\":\"fi\",\"@id\":\"https:\/\/sinainteriors.com\/testimonials\/#primaryimage\",\"url\":\"https:\/\/sinainteriors.com\/wp-content\/uploads\/2026\/01\/WESTENDLIVINGROOM.webp\",\"contentUrl\":\"https:\/\/sinainteriors.com\/wp-content\/uploads\/2026\/01\/WESTENDLIVINGROOM.webp\"},{\"@type\":\"BreadcrumbList\",\"@id\":\"https:\/\/sinainteriors.com\/testimonials\/#breadcrumb\",\"itemListElement\":[{\"@type\":\"ListItem\",\"position\":1,\"name\":\"Home\",\"item\":\"https:\/\/sinainteriors.com\/\"},{\"@type\":\"ListItem\",\"position\":2,\"name\":\"Testimonials\"}]},{\"@type\":\"WebSite\",\"@id\":\"https:\/\/sinainteriors.com\/#website\",\"url\":\"https:\/\/sinainteriors.com\/\",\"name\":\"Sina Interiors\",\"description\":\"Helsinki-Based Interior Design Studio | Interior Designer in Helsinki\",\"publisher\":{\"@id\":\"https:\/\/sinainteriors.com\/#organization\"},\"alternateName\":\"Sinainteriors\",\"potentialAction\":[{\"@type\":\"SearchAction\",\"target\":{\"@type\":\"EntryPoint\",\"urlTemplate\":\"https:\/\/sinainteriors.com\/?s={search_term_string}\"},\"query-input\":{\"@type\":\"PropertyValueSpecification\",\"valueRequired\":true,\"valueName\":\"search_term_string\"}}],\"inLanguage\":\"fi\"},{\"@type\":\"Organization\",\"@id\":\"https:\/\/sinainteriors.com\/#organization\",\"name\":\"Sina Interiors\",\"url\":\"https:\/\/sinainteriors.com\/\",\"logo\":{\"@type\":\"ImageObject\",\"inLanguage\":\"fi\",\"@id\":\"https:\/\/sinainteriors.com\/#\/schema\/logo\/image\/\",\"url\":\"https:\/\/sinainteriors.com\/wp-content\/uploads\/2026\/03\/image-removebg-preview136.png\",\"contentUrl\":\"https:\/\/sinainteriors.com\/wp-content\/uploads\/2026\/03\/image-removebg-preview136.png\",\"width\":234,\"height\":176,\"caption\":\"Sina Interiors\"},\"image\":{\"@id\":\"https:\/\/sinainteriors.com\/#\/schema\/logo\/image\/\"},\"sameAs\":[\"https:\/\/www.facebook.com\/p\/Sina-Interiors-61562000177545\/\",\"https:\/\/www.instagram.com\/sina.interiors\/\"]}]}<\/script>\n<!-- \/ Yoast SEO plugin. -->","yoast_head_json":{"title":"Testimonials - Sina Interiors","robots":{"index":"index","follow":"follow","max-snippet":"max-snippet:-1","max-image-preview":"max-image-preview:large","max-video-preview":"max-video-preview:-1"},"canonical":"https:\/\/sinainteriors.com\/fi\/testimonials\/","og_locale":"fi_FI","og_type":"article","og_title":"Testimonials - Sina Interiors","og_description":"Testimonials \u201cWorking with Sina has been an outstanding experience from start to finish. What truly sets him apart is his exceptional ability to listen and understand exactly what his clients are envisioning. From our initial consultation, Sina demonstrated a genuine interest in my needs and lifestyle, asking insightful questions that helped shape a design plan [&hellip;]","og_url":"https:\/\/sinainteriors.com\/fi\/testimonials\/","og_site_name":"Sina Interiors","article_publisher":"https:\/\/www.facebook.com\/p\/Sina-Interiors-61562000177545\/","article_modified_time":"2026-01-19T14:22:15+00:00","og_image":[{"url":"https:\/\/sinainteriors.com\/wp-content\/uploads\/2026\/01\/WESTENDLIVINGROOM.webp","type":"","width":"","height":""}],"twitter_card":"summary_large_image","twitter_misc":{"Arvioitu lukuaika":"2 minuuttia"},"schema":{"@context":"https:\/\/schema.org","@graph":[{"@type":"WebPage","@id":"https:\/\/sinainteriors.com\/testimonials\/","url":"https:\/\/sinainteriors.com\/testimonials\/","name":"Testimonials - Sina Interiors","isPartOf":{"@id":"https:\/\/sinainteriors.com\/#website"},"primaryImageOfPage":{"@id":"https:\/\/sinainteriors.com\/testimonials\/#primaryimage"},"image":{"@id":"https:\/\/sinainteriors.com\/testimonials\/#primaryimage"},"thumbnailUrl":"https:\/\/sinainteriors.com\/wp-content\/uploads\/2026\/01\/WESTENDLIVINGROOM.webp","datePublished":"2026-01-16T17:58:12+00:00","dateModified":"2026-01-19T14:22:15+00:00","breadcrumb":{"@id":"https:\/\/sinainteriors.com\/testimonials\/#breadcrumb"},"inLanguage":"fi","potentialAction":[{"@type":"ReadAction","target":["https:\/\/sinainteriors.com\/testimonials\/"]}]},{"@type":"ImageObject","inLanguage":"fi","@id":"https:\/\/sinainteriors.com\/testimonials\/#primaryimage","url":"https:\/\/sinainteriors.com\/wp-content\/uploads\/2026\/01\/WESTENDLIVINGROOM.webp","contentUrl":"https:\/\/sinainteriors.com\/wp-content\/uploads\/2026\/01\/WESTENDLIVINGROOM.webp"},{"@type":"BreadcrumbList","@id":"https:\/\/sinainteriors.com\/testimonials\/#breadcrumb","itemListElement":[{"@type":"ListItem","position":1,"name":"Home","item":"https:\/\/sinainteriors.com\/"},{"@type":"ListItem","position":2,"name":"Testimonials"}]},{"@type":"WebSite","@id":"https:\/\/sinainteriors.com\/#website","url":"https:\/\/sinainteriors.com\/","name":"Sina Interiors","description":"Helsinki-Based Interior Design Studio | Interior Designer in Helsinki","publisher":{"@id":"https:\/\/sinainteriors.com\/#organization"},"alternateName":"Sinainteriors","potentialAction":[{"@type":"SearchAction","target":{"@type":"EntryPoint","urlTemplate":"https:\/\/sinainteriors.com\/?s={search_term_string}"},"query-input":{"@type":"PropertyValueSpecification","valueRequired":true,"valueName":"search_term_string"}}],"inLanguage":"fi"},{"@type":"Organization","@id":"https:\/\/sinainteriors.com\/#organization","name":"Sina Interiors","url":"https:\/\/sinainteriors.com\/","logo":{"@type":"ImageObject","inLanguage":"fi","@id":"https:\/\/sinainteriors.com\/#\/schema\/logo\/image\/","url":"https:\/\/sinainteriors.com\/wp-content\/uploads\/2026\/03\/image-removebg-preview136.png","contentUrl":"https:\/\/sinainteriors.com\/wp-content\/uploads\/2026\/03\/image-removebg-preview136.png","width":234,"height":176,"caption":"Sina Interiors"},"image":{"@id":"https:\/\/sinainteriors.com\/#\/schema\/logo\/image\/"},"sameAs":["https:\/\/www.facebook.com\/p\/Sina-Interiors-61562000177545\/","https:\/\/www.instagram.com\/sina.interiors\/"]}]}},"_hostinger_reach_plugin_has_subscription_block":false,"_hostinger_reach_plugin_is_elementor":false,"_links":{"self":[{"href":"https:\/\/sinainteriors.com\/fi\/wp-json\/wp\/v2\/pages\/75","targetHints":{"allow":["GET"]}}],"collection":[{"href":"https:\/\/sinainteriors.com\/fi\/wp-json\/wp\/v2\/pages"}],"about":[{"href":"https:\/\/sinainteriors.com\/fi\/wp-json\/wp\/v2\/types\/page"}],"author":[{"embeddable":true,"href":"https:\/\/sinainteriors.com\/fi\/wp-json\/wp\/v2\/users\/1"}],"replies":[{"embeddable":true,"href":"https:\/\/sinainteriors.com\/fi\/wp-json\/wp\/v2\/comments?post=75"}],"version-history":[{"count":19,"href":"https:\/\/sinainteriors.com\/fi\/wp-json\/wp\/v2\/pages\/75\/revisions"}],"predecessor-version":[{"id":316,"href":"https:\/\/sinainteriors.com\/fi\/wp-json\/wp\/v2\/pages\/75\/revisions\/316"}],"wp:attachment":[{"href":"https:\/\/sinainteriors.com\/fi\/wp-json\/wp\/v2\/media?parent=75"}],"curies":[{"name":"wp","href":"https:\/\/api.w.org\/{rel}","templated":true}]}}